{"id":15271,"date":"2021-06-29T10:37:59","date_gmt":"2021-06-29T10:37:59","guid":{"rendered":"http:\/\/31.217.192.104\/~iloversu\/?page_id=15271"},"modified":"2024-09-09T12:10:16","modified_gmt":"2024-09-09T12:10:16","slug":"onni-asuu-jo-sinussa-9-tapaa-olla-onnellinen","status":"publish","type":"page","link":"https:\/\/www.iloversum.fi\/fi\/kirjat\/onni-asuu-jo-sinussa-9-tapaa-olla-onnellinen\/","title":{"rendered":"Onni asuu jo sinussa \u2013 9 tapaa olla onnellinen"},"content":{"rendered":"<div class=\"wpb-content-wrapper\"><p>[vc_row content_placement=&#8221;middle&#8221; css=&#8221;.vc_custom_1580733807485{padding-top: 70px !important;padding-bottom: 20px !important;}&#8221;][vc_column width=&#8221;1\/3&#8243;][vc_single_image image=&#8221;15231&#8243; img_size=&#8221;medium&#8221; alignment=&#8221;center&#8221; css=&#8221;.vc_custom_1624962887805{margin-top: 30px !important;margin-bottom: 30px !important;}&#8221;][\/vc_column][vc_column width=&#8221;2\/3&#8243; css=&#8221;.vc_custom_1580733628712{padding-bottom: 30px !important;}&#8221;]<div id=\"ultimate-heading-525369eb749a0c9dd\" class=\"uvc-heading ult-adjust-bottom-margin ultimate-heading-525369eb749a0c9dd uvc-7405  uvc-heading-default-font-sizes\" data-hspacer=\"no_spacer\"  data-halign=\"left\" style=\"text-align:left\"><div class=\"uvc-heading-spacer no_spacer\" style=\"top\"><\/div><div class=\"uvc-main-heading ult-responsive\"  data-ultimate-target='.uvc-heading.ultimate-heading-525369eb749a0c9dd h3'  data-responsive-json-new='{\"font-size\":\"\",\"line-height\":\"\"}' ><h3 style=\"font-weight:bold;margin-bottom:15px;\">Mik\u00e4 on sinun tapasi olla onnellinen?<\/h3><\/div><div class=\"uvc-sub-heading ult-responsive\"  data-ultimate-target='.uvc-heading.ultimate-heading-525369eb749a0c9dd .uvc-sub-heading '  data-responsive-json-new='{\"font-size\":\"desktop:19px;\",\"line-height\":\"desktop:29px;\"}'  style=\"font-weight:normal;\">Ihmiset voidaan jakaa yhdeks\u00e4\u00e4n erilaiseen persoonallisuustyyppiin enneagrammin avulla.<br \/>\nJokaisella tyypill\u00e4 on oma tapansa ajatella, tuntea ja toimia \u2013 ja olla onnellinen. Omaan tyyppiins\u00e4<br \/>\ntutustumalla huomaa, miten on rajoittanut itse\u00e4\u00e4n, ja vapautuu luottamaan omiin vahvuuksiinsa<br \/>\nja mahdollisuuksiinsa.<\/p>\n<p>Kirja auttaa sinua tunnistamaan oman persoonallisuustyyppisi ja tapasi olla onnellinen. Innostavat<br \/>\nonnellisuusteht\u00e4v\u00e4t tutustuttavat sinut oman onnesi alkul\u00e4hteisiin ja persoonallisuustyypillesi<br \/>\nsopivat vinkit auttavat sinua vapautumaan onnellisuusrajoitteistasi ja olemaan onnellinen.<\/p>\n<p>Avaa ovi onnellisuuteesi!<\/p>\n<p>Julkaisija Otava 2019<br \/>\nSivum\u00e4\u00e4r\u00e4 240<br \/>\nKirjakauppojen lis\u00e4ksi voit tilata kirjan <a href=\"https:\/\/hidastaelamaa.fi\/puoti\/onni-asuu-jo-sinussa\/\" target=\"_blank\" rel=\"noopener\">Hidasta el\u00e4m\u00e4\u00e4 \u2013puodista<\/a>.<br \/>\nSaatavana my\u00f6s \u00e4\u00e4ni\u00adkirjana.<\/div><\/div>[vc_row_inner][vc_column_inner][\/vc_column_inner][\/vc_row_inner][\/vc_column][\/vc_row][vc_row][vc_column][vc_separator color=&#8221;chino&#8221;][\/vc_column][\/vc_row][vc_row content_placement=&#8221;middle&#8221; css=&#8221;.vc_custom_1580733807485{padding-top: 70px !important;padding-bottom: 20px !important;}&#8221;][vc_column width=&#8221;1\/3&#8243;][vc_single_image image=&#8221;16483&#8243; img_size=&#8221;medium&#8221; alignment=&#8221;center&#8221; css=&#8221;.vc_custom_1725883819528{margin-top: 30px !important;margin-bottom: 30px !important;}&#8221;][\/vc_column][vc_column width=&#8221;2\/3&#8243; css=&#8221;.vc_custom_1580733628712{padding-bottom: 30px !important;}&#8221;]<div id=\"ultimate-heading-134569eb749a0ca76\" class=\"uvc-heading ult-adjust-bottom-margin ultimate-heading-134569eb749a0ca76 uvc-1775  uvc-heading-default-font-sizes\" data-hspacer=\"no_spacer\"  data-halign=\"left\" style=\"text-align:left\"><div class=\"uvc-heading-spacer no_spacer\" style=\"top\"><\/div><div class=\"uvc-main-heading ult-responsive\"  data-ultimate-target='.uvc-heading.ultimate-heading-134569eb749a0ca76 h3'  data-responsive-json-new='{\"font-size\":\"\",\"line-height\":\"\"}' ><h3 style=\"font-weight:bold;margin-bottom:15px;\">Kirjailija Auli Malimaa<\/h3><\/div><div class=\"uvc-sub-heading ult-responsive\"  data-ultimate-target='.uvc-heading.ultimate-heading-134569eb749a0ca76 .uvc-sub-heading '  data-responsive-json-new='{\"font-size\":\"desktop:19px;\",\"line-height\":\"desktop:29px;\"}'  style=\"font-weight:normal;\">Kun Auli 15-vuotiaana sai kuulla sairastavansa nivelreumaa, h\u00e4n p\u00e4\u00e4tti, ettei h\u00e4nest\u00e4 koskaan tule katkeraa. Tuo p\u00e4\u00e4t\u00f6s on ollut h\u00e4nelle kuin peruskallio. Aina pohjakosketuksen saatuaan h\u00e4n on muistanut sen ja pyrkinyt l\u00f6yt\u00e4m\u00e4\u00e4n keinoja kohti parempaa mielt\u00e4 ja onnellisempaa oloa.<\/p>\n<p>Puheterapeuttikoulutukseen kuuluneiden psykologian opintojen lis\u00e4ksi h\u00e4n on vuosien ajan lukenut paljon mielenhallinnasta, itsetuntemuksesta ja positiivisesta ajattelusta sek\u00e4 k\u00e4ynyt lukuisilla aiheeseen liittyvill\u00e4 kursseilla. Vuonna 2011 h\u00e4n opiskeli el\u00e4m\u00e4ntaidon valmentajaksi ja 2013 enneagrammiohjaajaksi ja onnellisuusvalmentajaksi. Sen lis\u00e4ksi h\u00e4n on suorittanut Helsingin Helsingin Avoimessa yliopistossa positiivisen psykologian oppikurssin. Auli uskoo, ett\u00e4 el\u00e4m\u00e4mme haasteista huolimatta meill\u00e4 jokaisella on kyky olla onnellinen.<\/div><\/div>[\/vc_column][\/vc_row][vc_row][vc_column][vc_separator color=&#8221;chino&#8221;][\/vc_column][\/vc_row][vc_row content_placement=&#8221;middle&#8221; css=&#8221;.vc_custom_1580733807485{padding-top: 70px !important;padding-bottom: 20px !important;}&#8221;][vc_column width=&#8221;1\/3&#8243; css=&#8221;.vc_custom_1624966352294{margin-bottom: 30px !important;}&#8221;][vc_column_text]Aulin oma persoonallisuustyyppi on tavoitteellinen ja itse\u00e4\u00e4n kehitt\u00e4v\u00e4 kolmonen. Kolmosella on kuitenkin eritt\u00e4in vaativa sis\u00e4inen piiskuri.[\/vc_column_text][\/vc_column][vc_column width=&#8221;2\/3&#8243; css=&#8221;.vc_custom_1624966396981{margin-bottom: 30px !important;}&#8221;][vc_video link=&#8221;https:\/\/youtu.be\/ZzpL5CoXugo&#8221;][\/vc_column][\/vc_row]<\/p>\n<\/div>","protected":false},"excerpt":{"rendered":"<p>[vc_row content_placement=&#8221;middle&#8221; css=&#8221;.vc_custom_1580733807485{padding-top: 70px !important;padding-bottom: 20px !important;}&#8221;][vc_column width=&#8221;1\/3&#8243;][vc_single_image image=&#8221;15231&#8243; img_size=&#8221;medium&#8221; alignment=&#8221;center&#8221; css=&#8221;.vc_custom_1624962887805{margin-top: 30px !important;margin-bottom: 30px !important;}&#8221;][\/vc_column][vc_column width=&#8221;2\/3&#8243; css=&#8221;.vc_custom_1580733628712{padding-bottom: 30px !important;}&#8221;][vc_row_inner][vc_column_inner][\/vc_column_inner][\/vc_row_inner][\/vc_column][\/vc_row][vc_row][vc_column][vc_separator color=&#8221;chino&#8221;][\/vc_column][\/vc_row][vc_row content_placement=&#8221;middle&#8221; css=&#8221;.vc_custom_1580733807485{padding-top: 70px !important;padding-bottom: 20px !important;}&#8221;][vc_column width=&#8221;1\/3&#8243;][vc_single_image image=&#8221;16483&#8243; img_size=&#8221;medium&#8221; alignment=&#8221;center&#8221; css=&#8221;.vc_custom_1725883819528{margin-top: 30px !important;margin-bottom: 30px !important;}&#8221;][\/vc_column][vc_column width=&#8221;2\/3&#8243; css=&#8221;.vc_custom_1580733628712{padding-bottom: 30px !important;}&#8221;][\/vc_column][\/vc_row][vc_row][vc_column][vc_separator color=&#8221;chino&#8221;][\/vc_column][\/vc_row][vc_row content_placement=&#8221;middle&#8221; css=&#8221;.vc_custom_1580733807485{padding-top: 70px !important;padding-bottom: 20px !important;}&#8221;][vc_column width=&#8221;1\/3&#8243; css=&#8221;.vc_custom_1624966352294{margin-bottom: 30px !important;}&#8221;][vc_column_text]Aulin oma persoonallisuustyyppi on tavoitteellinen&hellip;<\/p>\n","protected":false},"author":1,"featured_media":16238,"parent":15259,"menu_order":200,"comment_status":"closed","ping_status":"closed","template":"","meta":{"footnotes":""},"class_list":["post-15271","page","type-page","status-publish","has-post-thumbnail","hentry","description-off"],"yoast_head":"<!-- This site is optimized with the Yoast SEO plugin v27.4 - https:\/\/yoast.com\/product\/yoast-seo-wordpress\/ -->\n<title>Onni asuu jo sinussa \u2013 9 tapaa olla onnellinen - Iloversum<\/title>\n<meta name=\"robots\" content=\"index, follow, max-snippet:-1, max-image-preview:large, max-video-preview:-1\" \/>\n<link rel=\"canonical\" href=\"https:\/\/www.iloversum.fi\/fi\/kirjat\/onni-asuu-jo-sinussa-9-tapaa-olla-onnellinen\/\" \/>\n<meta property=\"og:locale\" content=\"fi_FI\" \/>\n<meta property=\"og:type\" content=\"article\" \/>\n<meta property=\"og:title\" content=\"Onni asuu jo sinussa \u2013 9 tapaa olla onnellinen - Iloversum\" \/>\n<meta property=\"og:description\" content=\"[vc_row content_placement=&#8221;middle&#8221; css=&#8221;.vc_custom_1580733807485{padding-top: 70px !important;padding-bottom: 20px !important;}&#8221;][vc_column width=&#8221;1\/3&#8243;][vc_single_image image=&#8221;15231&#8243; img_size=&#8221;medium&#8221; alignment=&#8221;center&#8221; css=&#8221;.vc_custom_1624962887805{margin-top: 30px !important;margin-bottom: 30px !important;}&#8221;][\/vc_column][vc_column width=&#8221;2\/3&#8243; css=&#8221;.vc_custom_1580733628712{padding-bottom: 30px !important;}&#8221;][vc_row_inner][vc_column_inner][\/vc_column_inner][\/vc_row_inner][\/vc_column][\/vc_row][vc_row][vc_column][vc_separator color=&#8221;chino&#8221;][\/vc_column][\/vc_row][vc_row content_placement=&#8221;middle&#8221; css=&#8221;.vc_custom_1580733807485{padding-top: 70px !important;padding-bottom: 20px !important;}&#8221;][vc_column width=&#8221;1\/3&#8243;][vc_single_image image=&#8221;16483&#8243; img_size=&#8221;medium&#8221; alignment=&#8221;center&#8221; css=&#8221;.vc_custom_1725883819528{margin-top: 30px !important;margin-bottom: 30px !important;}&#8221;][\/vc_column][vc_column width=&#8221;2\/3&#8243; css=&#8221;.vc_custom_1580733628712{padding-bottom: 30px !important;}&#8221;][\/vc_column][\/vc_row][vc_row][vc_column][vc_separator color=&#8221;chino&#8221;][\/vc_column][\/vc_row][vc_row content_placement=&#8221;middle&#8221; css=&#8221;.vc_custom_1580733807485{padding-top: 70px !important;padding-bottom: 20px !important;}&#8221;][vc_column width=&#8221;1\/3&#8243; css=&#8221;.vc_custom_1624966352294{margin-bottom: 30px !important;}&#8221;][vc_column_text]Aulin oma persoonallisuustyyppi on tavoitteellinen&hellip;\" \/>\n<meta property=\"og:url\" content=\"https:\/\/www.iloversum.fi\/fi\/kirjat\/onni-asuu-jo-sinussa-9-tapaa-olla-onnellinen\/\" \/>\n<meta property=\"og:site_name\" content=\"Iloversum\" \/>\n<meta property=\"article:modified_time\" content=\"2024-09-09T12:10:16+00:00\" \/>\n<meta property=\"og:image\" content=\"https:\/\/www.iloversum.fi\/wp-content\/uploads\/2021\/08\/Onni-asuu-jo-sinussa-artikkeli.jpg\" \/>\n\t<meta property=\"og:image:width\" content=\"1267\" \/>\n\t<meta property=\"og:image:height\" content=\"844\" \/>\n\t<meta property=\"og:image:type\" content=\"image\/jpeg\" \/>\n<meta name=\"twitter:card\" content=\"summary_large_image\" \/>\n<meta name=\"twitter:label1\" content=\"Arvioitu lukuaika\" \/>\n\t<meta name=\"twitter:data1\" content=\"2 minuuttia\" \/>\n<script type=\"application\/ld+json\" class=\"yoast-schema-graph\">{\"@context\":\"https:\\\/\\\/schema.org\",\"@graph\":[{\"@type\":\"WebPage\",\"@id\":\"https:\\\/\\\/www.iloversum.fi\\\/fi\\\/kirjat\\\/onni-asuu-jo-sinussa-9-tapaa-olla-onnellinen\\\/\",\"url\":\"https:\\\/\\\/www.iloversum.fi\\\/fi\\\/kirjat\\\/onni-asuu-jo-sinussa-9-tapaa-olla-onnellinen\\\/\",\"name\":\"Onni asuu jo sinussa \u2013 9 tapaa olla onnellinen - Iloversum\",\"isPartOf\":{\"@id\":\"https:\\\/\\\/www.iloversum.fi\\\/fi\\\/#website\"},\"primaryImageOfPage\":{\"@id\":\"https:\\\/\\\/www.iloversum.fi\\\/fi\\\/kirjat\\\/onni-asuu-jo-sinussa-9-tapaa-olla-onnellinen\\\/#primaryimage\"},\"image\":{\"@id\":\"https:\\\/\\\/www.iloversum.fi\\\/fi\\\/kirjat\\\/onni-asuu-jo-sinussa-9-tapaa-olla-onnellinen\\\/#primaryimage\"},\"thumbnailUrl\":\"https:\\\/\\\/www.iloversum.fi\\\/wp-content\\\/uploads\\\/2021\\\/08\\\/Onni-asuu-jo-sinussa-artikkeli.jpg\",\"datePublished\":\"2021-06-29T10:37:59+00:00\",\"dateModified\":\"2024-09-09T12:10:16+00:00\",\"breadcrumb\":{\"@id\":\"https:\\\/\\\/www.iloversum.fi\\\/fi\\\/kirjat\\\/onni-asuu-jo-sinussa-9-tapaa-olla-onnellinen\\\/#breadcrumb\"},\"inLanguage\":\"fi\",\"potentialAction\":[{\"@type\":\"ReadAction\",\"target\":[\"https:\\\/\\\/www.iloversum.fi\\\/fi\\\/kirjat\\\/onni-asuu-jo-sinussa-9-tapaa-olla-onnellinen\\\/\"]}]},{\"@type\":\"ImageObject\",\"inLanguage\":\"fi\",\"@id\":\"https:\\\/\\\/www.iloversum.fi\\\/fi\\\/kirjat\\\/onni-asuu-jo-sinussa-9-tapaa-olla-onnellinen\\\/#primaryimage\",\"url\":\"https:\\\/\\\/www.iloversum.fi\\\/wp-content\\\/uploads\\\/2021\\\/08\\\/Onni-asuu-jo-sinussa-artikkeli.jpg\",\"contentUrl\":\"https:\\\/\\\/www.iloversum.fi\\\/wp-content\\\/uploads\\\/2021\\\/08\\\/Onni-asuu-jo-sinussa-artikkeli.jpg\",\"width\":1267,\"height\":844},{\"@type\":\"BreadcrumbList\",\"@id\":\"https:\\\/\\\/www.iloversum.fi\\\/fi\\\/kirjat\\\/onni-asuu-jo-sinussa-9-tapaa-olla-onnellinen\\\/#breadcrumb\",\"itemListElement\":[{\"@type\":\"ListItem\",\"position\":1,\"name\":\"Etusivu\",\"item\":\"https:\\\/\\\/www.iloversum.fi\\\/fi\\\/\"},{\"@type\":\"ListItem\",\"position\":2,\"name\":\"Kirjat\",\"item\":\"https:\\\/\\\/www.iloversum.fi\\\/fi\\\/kirjat\\\/\"},{\"@type\":\"ListItem\",\"position\":3,\"name\":\"Onni asuu jo sinussa \u2013 9 tapaa olla onnellinen\"}]},{\"@type\":\"WebSite\",\"@id\":\"https:\\\/\\\/www.iloversum.fi\\\/fi\\\/#website\",\"url\":\"https:\\\/\\\/www.iloversum.fi\\\/fi\\\/\",\"name\":\"Iloversum\",\"description\":\"Iloversum\",\"potentialAction\":[{\"@type\":\"SearchAction\",\"target\":{\"@type\":\"EntryPoint\",\"urlTemplate\":\"https:\\\/\\\/www.iloversum.fi\\\/fi\\\/?s={search_term_string}\"},\"query-input\":{\"@type\":\"PropertyValueSpecification\",\"valueRequired\":true,\"valueName\":\"search_term_string\"}}],\"inLanguage\":\"fi\"}]}<\/script>\n<!-- \/ Yoast SEO plugin. -->","yoast_head_json":{"title":"Onni asuu jo sinussa \u2013 9 tapaa olla onnellinen - Iloversum","robots":{"index":"index","follow":"follow","max-snippet":"max-snippet:-1","max-image-preview":"max-image-preview:large","max-video-preview":"max-video-preview:-1"},"canonical":"https:\/\/www.iloversum.fi\/fi\/kirjat\/onni-asuu-jo-sinussa-9-tapaa-olla-onnellinen\/","og_locale":"fi_FI","og_type":"article","og_title":"Onni asuu jo sinussa \u2013 9 tapaa olla onnellinen - Iloversum","og_description":"[vc_row content_placement=&#8221;middle&#8221; css=&#8221;.vc_custom_1580733807485{padding-top: 70px !important;padding-bottom: 20px !important;}&#8221;][vc_column width=&#8221;1\/3&#8243;][vc_single_image image=&#8221;15231&#8243; img_size=&#8221;medium&#8221; alignment=&#8221;center&#8221; css=&#8221;.vc_custom_1624962887805{margin-top: 30px !important;margin-bottom: 30px !important;}&#8221;][\/vc_column][vc_column width=&#8221;2\/3&#8243; css=&#8221;.vc_custom_1580733628712{padding-bottom: 30px !important;}&#8221;][vc_row_inner][vc_column_inner][\/vc_column_inner][\/vc_row_inner][\/vc_column][\/vc_row][vc_row][vc_column][vc_separator color=&#8221;chino&#8221;][\/vc_column][\/vc_row][vc_row content_placement=&#8221;middle&#8221; css=&#8221;.vc_custom_1580733807485{padding-top: 70px !important;padding-bottom: 20px !important;}&#8221;][vc_column width=&#8221;1\/3&#8243;][vc_single_image image=&#8221;16483&#8243; img_size=&#8221;medium&#8221; alignment=&#8221;center&#8221; css=&#8221;.vc_custom_1725883819528{margin-top: 30px !important;margin-bottom: 30px !important;}&#8221;][\/vc_column][vc_column width=&#8221;2\/3&#8243; css=&#8221;.vc_custom_1580733628712{padding-bottom: 30px !important;}&#8221;][\/vc_column][\/vc_row][vc_row][vc_column][vc_separator color=&#8221;chino&#8221;][\/vc_column][\/vc_row][vc_row content_placement=&#8221;middle&#8221; css=&#8221;.vc_custom_1580733807485{padding-top: 70px !important;padding-bottom: 20px !important;}&#8221;][vc_column width=&#8221;1\/3&#8243; css=&#8221;.vc_custom_1624966352294{margin-bottom: 30px !important;}&#8221;][vc_column_text]Aulin oma persoonallisuustyyppi on tavoitteellinen&hellip;","og_url":"https:\/\/www.iloversum.fi\/fi\/kirjat\/onni-asuu-jo-sinussa-9-tapaa-olla-onnellinen\/","og_site_name":"Iloversum","article_modified_time":"2024-09-09T12:10:16+00:00","og_image":[{"width":1267,"height":844,"url":"https:\/\/www.iloversum.fi\/wp-content\/uploads\/2021\/08\/Onni-asuu-jo-sinussa-artikkeli.jpg","type":"image\/jpeg"}],"twitter_card":"summary_large_image","twitter_misc":{"Arvioitu lukuaika":"2 minuuttia"},"schema":{"@context":"https:\/\/schema.org","@graph":[{"@type":"WebPage","@id":"https:\/\/www.iloversum.fi\/fi\/kirjat\/onni-asuu-jo-sinussa-9-tapaa-olla-onnellinen\/","url":"https:\/\/www.iloversum.fi\/fi\/kirjat\/onni-asuu-jo-sinussa-9-tapaa-olla-onnellinen\/","name":"Onni asuu jo sinussa \u2013 9 tapaa olla onnellinen - Iloversum","isPartOf":{"@id":"https:\/\/www.iloversum.fi\/fi\/#website"},"primaryImageOfPage":{"@id":"https:\/\/www.iloversum.fi\/fi\/kirjat\/onni-asuu-jo-sinussa-9-tapaa-olla-onnellinen\/#primaryimage"},"image":{"@id":"https:\/\/www.iloversum.fi\/fi\/kirjat\/onni-asuu-jo-sinussa-9-tapaa-olla-onnellinen\/#primaryimage"},"thumbnailUrl":"https:\/\/www.iloversum.fi\/wp-content\/uploads\/2021\/08\/Onni-asuu-jo-sinussa-artikkeli.jpg","datePublished":"2021-06-29T10:37:59+00:00","dateModified":"2024-09-09T12:10:16+00:00","breadcrumb":{"@id":"https:\/\/www.iloversum.fi\/fi\/kirjat\/onni-asuu-jo-sinussa-9-tapaa-olla-onnellinen\/#breadcrumb"},"inLanguage":"fi","potentialAction":[{"@type":"ReadAction","target":["https:\/\/www.iloversum.fi\/fi\/kirjat\/onni-asuu-jo-sinussa-9-tapaa-olla-onnellinen\/"]}]},{"@type":"ImageObject","inLanguage":"fi","@id":"https:\/\/www.iloversum.fi\/fi\/kirjat\/onni-asuu-jo-sinussa-9-tapaa-olla-onnellinen\/#primaryimage","url":"https:\/\/www.iloversum.fi\/wp-content\/uploads\/2021\/08\/Onni-asuu-jo-sinussa-artikkeli.jpg","contentUrl":"https:\/\/www.iloversum.fi\/wp-content\/uploads\/2021\/08\/Onni-asuu-jo-sinussa-artikkeli.jpg","width":1267,"height":844},{"@type":"BreadcrumbList","@id":"https:\/\/www.iloversum.fi\/fi\/kirjat\/onni-asuu-jo-sinussa-9-tapaa-olla-onnellinen\/#breadcrumb","itemListElement":[{"@type":"ListItem","position":1,"name":"Etusivu","item":"https:\/\/www.iloversum.fi\/fi\/"},{"@type":"ListItem","position":2,"name":"Kirjat","item":"https:\/\/www.iloversum.fi\/fi\/kirjat\/"},{"@type":"ListItem","position":3,"name":"Onni asuu jo sinussa \u2013 9 tapaa olla onnellinen"}]},{"@type":"WebSite","@id":"https:\/\/www.iloversum.fi\/fi\/#website","url":"https:\/\/www.iloversum.fi\/fi\/","name":"Iloversum","description":"Iloversum","potentialAction":[{"@type":"SearchAction","target":{"@type":"EntryPoint","urlTemplate":"https:\/\/www.iloversum.fi\/fi\/?s={search_term_string}"},"query-input":{"@type":"PropertyValueSpecification","valueRequired":true,"valueName":"search_term_string"}}],"inLanguage":"fi"}]}},"_links":{"self":[{"href":"https:\/\/www.iloversum.fi\/fi\/wp-json\/wp\/v2\/pages\/15271","targetHints":{"allow":["GET"]}}],"collection":[{"href":"https:\/\/www.iloversum.fi\/fi\/wp-json\/wp\/v2\/pages"}],"about":[{"href":"https:\/\/www.iloversum.fi\/fi\/wp-json\/wp\/v2\/types\/page"}],"author":[{"embeddable":true,"href":"https:\/\/www.iloversum.fi\/fi\/wp-json\/wp\/v2\/users\/1"}],"replies":[{"embeddable":true,"href":"https:\/\/www.iloversum.fi\/fi\/wp-json\/wp\/v2\/comments?post=15271"}],"version-history":[{"count":20,"href":"https:\/\/www.iloversum.fi\/fi\/wp-json\/wp\/v2\/pages\/15271\/revisions"}],"predecessor-version":[{"id":16488,"href":"https:\/\/www.iloversum.fi\/fi\/wp-json\/wp\/v2\/pages\/15271\/revisions\/16488"}],"up":[{"embeddable":true,"href":"https:\/\/www.iloversum.fi\/fi\/wp-json\/wp\/v2\/pages\/15259"}],"wp:featuredmedia":[{"embeddable":true,"href":"https:\/\/www.iloversum.fi\/fi\/wp-json\/wp\/v2\/media\/16238"}],"wp:attachment":[{"href":"https:\/\/www.iloversum.fi\/fi\/wp-json\/wp\/v2\/media?parent=15271"}],"curies":[{"name":"wp","href":"https:\/\/api.w.org\/{rel}","templated":true}]}}