{"id":15286,"date":"2021-06-29T11:40:11","date_gmt":"2021-06-29T11:40:11","guid":{"rendered":"http:\/\/31.217.192.104\/~iloversu\/?page_id=15286"},"modified":"2024-09-09T12:09:38","modified_gmt":"2024-09-09T12:09:38","slug":"olet-kaiken-hyvan-arvoinen","status":"publish","type":"page","link":"https:\/\/www.iloversum.fi\/fi\/kirjat\/olet-kaiken-hyvan-arvoinen\/","title":{"rendered":"Olet kaiken hyv\u00e4n arvoinen"},"content":{"rendered":"<div class=\"wpb-content-wrapper\"><p>[vc_row content_placement=&#8221;middle&#8221; css=&#8221;.vc_custom_1580733807485{padding-top: 70px !important;padding-bottom: 20px !important;}&#8221;][vc_column width=&#8221;1\/3&#8243;][vc_single_image image=&#8221;15234&#8243; img_size=&#8221;medium&#8221; alignment=&#8221;center&#8221; css=&#8221;.vc_custom_1624968450269{margin-top: 30px !important;margin-bottom: 30px !important;}&#8221;][\/vc_column][vc_column width=&#8221;2\/3&#8243; css=&#8221;.vc_custom_1580733628712{padding-bottom: 30px !important;}&#8221;]<div id=\"ultimate-heading-893269f4819fc638c\" class=\"uvc-heading ult-adjust-bottom-margin ultimate-heading-893269f4819fc638c uvc-7882 \" data-hspacer=\"no_spacer\"  data-halign=\"left\" style=\"text-align:left\"><div class=\"uvc-heading-spacer no_spacer\" style=\"top\"><\/div><div class=\"uvc-main-heading ult-responsive\"  data-ultimate-target='.uvc-heading.ultimate-heading-893269f4819fc638c h2'  data-responsive-json-new='{\"font-size\":\"desktop:30px;\",\"line-height\":\"desktop:40px;\"}' ><h2 style=\"font-weight:bold;margin-bottom:15px;\">Anna hyv\u00e4lle mahdollisuus<\/h2><\/div><div class=\"uvc-sub-heading ult-responsive\"  data-ultimate-target='.uvc-heading.ultimate-heading-893269f4819fc638c .uvc-sub-heading '  data-responsive-json-new='{\"font-size\":\"desktop:19px;\",\"line-height\":\"desktop:29px;\"}'  style=\"font-weight:normal;\">Hektisess\u00e4 kiireen ja vaatimusten t\u00e4ytt\u00e4m\u00e4ss\u00e4 el\u00e4m\u00e4ss\u00e4 aivomme takertuvat herk\u00e4sti kielteisyyteen ja est\u00e4v\u00e4t meit\u00e4 havaitsemasta ymp\u00e4rill\u00e4mme olevaa hyv\u00e4\u00e4. Voimme kuitenkin tietoisesti ohjata itse\u00e4mme ottamaan enemm\u00e4n hyv\u00e4\u00e4 vastaan ja el\u00e4m\u00e4\u00e4n ilon, mielenrauhan ja rakkauden t\u00e4ytt\u00e4m\u00e4\u00e4 el\u00e4m\u00e4\u00e4. Samalla saamme yhteyden aitoon, onnelliseen itseemme ja n\u00e4emme kaiken sen hyv\u00e4n, joka on jo meiss\u00e4.<\/p>\n<p>&nbsp;<\/p>\n<p>Kirjassa olevien harjoitusten avulla kuljet kohti my\u00f6nteisemp\u00e4\u00e4, hyv\u00e4n t\u00e4ytt\u00e4m\u00e4\u00e4 el\u00e4m\u00e4\u00e4. Avaudut arvostamaan itse\u00e4si, oivallat pieni\u00e4 ja suuria onnellisuutesi l\u00e4hteit\u00e4 sek\u00e4 havahdut huomaamaan kaiken hyv\u00e4n el\u00e4m\u00e4ss\u00e4si, sill\u00e4 olet sen arvoinen.<\/p>\n<p>&nbsp;<\/p>\n<p>Julkaisija Otava 2021<br \/>\nJulkaisukuukausi: 08.2021<br \/>\nKirjakauppojen lis\u00e4ksi voit tilata kirjan <a href=\"https:\/\/hidastaelamaa.fi\/puoti\/olet-kaiken-hyvan-arvoinen\/\" target=\"_blank\" rel=\"noopener\">Hidasta el\u00e4m\u00e4\u00e4 \u2013puodista<\/a>.<br \/>\nSaatavana my\u00f6s \u00e4\u00e4ni\u00adkirjana.<\/div><\/div>[\/vc_column][\/vc_row][vc_row][vc_column][vc_separator color=&#8221;chino&#8221;][\/vc_column][\/vc_row][vc_row content_placement=&#8221;middle&#8221; css=&#8221;.vc_custom_1625051722490{padding-top: 70px !important;padding-bottom: 70px !important;}&#8221;][vc_column width=&#8221;1\/3&#8243;][vc_single_image image=&#8221;16483&#8243; img_size=&#8221;medium&#8221; alignment=&#8221;center&#8221; css=&#8221;.vc_custom_1725883782872{margin-top: 30px !important;margin-bottom: 30px !important;}&#8221;][\/vc_column][vc_column width=&#8221;2\/3&#8243; css=&#8221;.vc_custom_1580733628712{padding-bottom: 30px !important;}&#8221;]<div id=\"ultimate-heading-166969f4819fc63fb\" class=\"uvc-heading ult-adjust-bottom-margin ultimate-heading-166969f4819fc63fb uvc-7456 \" data-hspacer=\"no_spacer\"  data-halign=\"left\" style=\"text-align:left\"><div class=\"uvc-heading-spacer no_spacer\" style=\"top\"><\/div><div class=\"uvc-main-heading ult-responsive\"  data-ultimate-target='.uvc-heading.ultimate-heading-166969f4819fc63fb h2'  data-responsive-json-new='{\"font-size\":\"desktop:30px;\",\"line-height\":\"desktop:40px;\"}' ><h2 style=\"font-weight:bold;margin-bottom:15px;\">Kirjailija Auli Malimaa<\/h2><\/div><div class=\"uvc-sub-heading ult-responsive\"  data-ultimate-target='.uvc-heading.ultimate-heading-166969f4819fc63fb .uvc-sub-heading '  data-responsive-json-new='{\"font-size\":\"desktop:19px;\",\"line-height\":\"desktop:29px;\"}'  style=\"font-weight:normal;\">Kun Auli 15-vuotiaana sai kuulla sairastavansa nivelreumaa, h\u00e4n p\u00e4\u00e4tti, ettei h\u00e4nest\u00e4 koskaan tule katkeraa. Tuo p\u00e4\u00e4t\u00f6s on ollut h\u00e4nelle kuin peruskallio. Aina pohjakosketuksen saatuaan h\u00e4n on muistanut sen ja pyrkinyt l\u00f6yt\u00e4m\u00e4\u00e4n keinoja kohti parempaa mielt\u00e4 ja onnellisempaa oloa.<\/p>\n<p>&nbsp;<\/p>\n<p>Puheterapeuttikoulutukseen kuuluneiden psykologian opintojen lis\u00e4ksi h\u00e4n on vuosien ajan lukenut paljon mielenhallinnasta, itsetuntemuksesta ja positiivisesta ajattelusta sek\u00e4 k\u00e4ynyt lukuisilla aiheeseen liittyvill\u00e4 kursseilla. Vuonna 2011 h\u00e4n opiskeli el\u00e4m\u00e4ntaidon valmentajaksi ja 2013 enneagrammiohjaajaksi ja onnellisuusvalmentajaksi. Sen lis\u00e4ksi h\u00e4n on suorittanut Helsingin Helsingin Avoimessa yliopistossa positiivisen psykologian oppikurssin. Auli uskoo, ett\u00e4 el\u00e4m\u00e4mme haasteista huolimatta meill\u00e4 jokaisella on kyky olla onnellinen.<\/div><\/div>[\/vc_column][\/vc_row][vc_row][vc_column][vc_separator color=&#8221;chino&#8221;][\/vc_column][\/vc_row]<\/p>\n<\/div>","protected":false},"excerpt":{"rendered":"<p>[vc_row content_placement=&#8221;middle&#8221; css=&#8221;.vc_custom_1580733807485{padding-top: 70px !important;padding-bottom: 20px !important;}&#8221;][vc_column width=&#8221;1\/3&#8243;][vc_single_image image=&#8221;15234&#8243; img_size=&#8221;medium&#8221; alignment=&#8221;center&#8221; css=&#8221;.vc_custom_1624968450269{margin-top: 30px !important;margin-bottom: 30px !important;}&#8221;][\/vc_column][vc_column width=&#8221;2\/3&#8243; css=&#8221;.vc_custom_1580733628712{padding-bottom: 30px !important;}&#8221;][\/vc_column][\/vc_row][vc_row][vc_column][vc_separator color=&#8221;chino&#8221;][\/vc_column][\/vc_row][vc_row content_placement=&#8221;middle&#8221; css=&#8221;.vc_custom_1625051722490{padding-top: 70px !important;padding-bottom: 70px !important;}&#8221;][vc_column width=&#8221;1\/3&#8243;][vc_single_image image=&#8221;16483&#8243; img_size=&#8221;medium&#8221; alignment=&#8221;center&#8221; css=&#8221;.vc_custom_1725883782872{margin-top: 30px !important;margin-bottom: 30px !important;}&#8221;][\/vc_column][vc_column width=&#8221;2\/3&#8243; css=&#8221;.vc_custom_1580733628712{padding-bottom: 30px !important;}&#8221;][\/vc_column][\/vc_row][vc_row][vc_column][vc_separator color=&#8221;chino&#8221;][\/vc_column][\/vc_row]<\/p>\n","protected":false},"author":1,"featured_media":16237,"parent":15259,"menu_order":200,"comment_status":"closed","ping_status":"closed","template":"","meta":{"footnotes":""},"class_list":["post-15286","page","type-page","status-publish","has-post-thumbnail","hentry","description-off"],"yoast_head":"<!-- This site is optimized with the Yoast SEO plugin v27.5 - https:\/\/yoast.com\/product\/yoast-seo-wordpress\/ -->\n<title>Olet kaiken hyv\u00e4n arvoinen - Iloversum<\/title>\n<meta name=\"robots\" content=\"index, follow, max-snippet:-1, max-image-preview:large, max-video-preview:-1\" \/>\n<link rel=\"canonical\" href=\"https:\/\/www.iloversum.fi\/fi\/kirjat\/olet-kaiken-hyvan-arvoinen\/\" \/>\n<meta property=\"og:locale\" content=\"fi_FI\" \/>\n<meta property=\"og:type\" content=\"article\" \/>\n<meta property=\"og:title\" content=\"Olet kaiken hyv\u00e4n arvoinen - Iloversum\" \/>\n<meta property=\"og:description\" content=\"[vc_row content_placement=&#8221;middle&#8221; css=&#8221;.vc_custom_1580733807485{padding-top: 70px !important;padding-bottom: 20px !important;}&#8221;][vc_column width=&#8221;1\/3&#8243;][vc_single_image image=&#8221;15234&#8243; img_size=&#8221;medium&#8221; alignment=&#8221;center&#8221; css=&#8221;.vc_custom_1624968450269{margin-top: 30px !important;margin-bottom: 30px !important;}&#8221;][\/vc_column][vc_column width=&#8221;2\/3&#8243; css=&#8221;.vc_custom_1580733628712{padding-bottom: 30px !important;}&#8221;][\/vc_column][\/vc_row][vc_row][vc_column][vc_separator color=&#8221;chino&#8221;][\/vc_column][\/vc_row][vc_row content_placement=&#8221;middle&#8221; css=&#8221;.vc_custom_1625051722490{padding-top: 70px !important;padding-bottom: 70px !important;}&#8221;][vc_column width=&#8221;1\/3&#8243;][vc_single_image image=&#8221;16483&#8243; img_size=&#8221;medium&#8221; alignment=&#8221;center&#8221; css=&#8221;.vc_custom_1725883782872{margin-top: 30px !important;margin-bottom: 30px !important;}&#8221;][\/vc_column][vc_column width=&#8221;2\/3&#8243; css=&#8221;.vc_custom_1580733628712{padding-bottom: 30px !important;}&#8221;][\/vc_column][\/vc_row][vc_row][vc_column][vc_separator color=&#8221;chino&#8221;][\/vc_column][\/vc_row]\" \/>\n<meta property=\"og:url\" content=\"https:\/\/www.iloversum.fi\/fi\/kirjat\/olet-kaiken-hyvan-arvoinen\/\" \/>\n<meta property=\"og:site_name\" content=\"Iloversum\" \/>\n<meta property=\"article:modified_time\" content=\"2024-09-09T12:09:38+00:00\" \/>\n<meta property=\"og:image\" content=\"https:\/\/www.iloversum.fi\/wp-content\/uploads\/2021\/08\/olet-kaiken-hyvan-arvoinen-artikkeli.jpg\" \/>\n\t<meta property=\"og:image:width\" content=\"1288\" \/>\n\t<meta property=\"og:image:height\" content=\"859\" \/>\n\t<meta property=\"og:image:type\" content=\"image\/jpeg\" \/>\n<meta name=\"twitter:card\" content=\"summary_large_image\" \/>\n<meta name=\"twitter:label1\" content=\"Arvioitu lukuaika\" \/>\n\t<meta name=\"twitter:data1\" content=\"2 minuuttia\" \/>\n<script type=\"application\/ld+json\" class=\"yoast-schema-graph\">{\"@context\":\"https:\\\/\\\/schema.org\",\"@graph\":[{\"@type\":\"WebPage\",\"@id\":\"https:\\\/\\\/www.iloversum.fi\\\/fi\\\/kirjat\\\/olet-kaiken-hyvan-arvoinen\\\/\",\"url\":\"https:\\\/\\\/www.iloversum.fi\\\/fi\\\/kirjat\\\/olet-kaiken-hyvan-arvoinen\\\/\",\"name\":\"Olet kaiken hyv\u00e4n arvoinen - Iloversum\",\"isPartOf\":{\"@id\":\"https:\\\/\\\/www.iloversum.fi\\\/fi\\\/#website\"},\"primaryImageOfPage\":{\"@id\":\"https:\\\/\\\/www.iloversum.fi\\\/fi\\\/kirjat\\\/olet-kaiken-hyvan-arvoinen\\\/#primaryimage\"},\"image\":{\"@id\":\"https:\\\/\\\/www.iloversum.fi\\\/fi\\\/kirjat\\\/olet-kaiken-hyvan-arvoinen\\\/#primaryimage\"},\"thumbnailUrl\":\"https:\\\/\\\/www.iloversum.fi\\\/wp-content\\\/uploads\\\/2021\\\/08\\\/olet-kaiken-hyvan-arvoinen-artikkeli.jpg\",\"datePublished\":\"2021-06-29T11:40:11+00:00\",\"dateModified\":\"2024-09-09T12:09:38+00:00\",\"breadcrumb\":{\"@id\":\"https:\\\/\\\/www.iloversum.fi\\\/fi\\\/kirjat\\\/olet-kaiken-hyvan-arvoinen\\\/#breadcrumb\"},\"inLanguage\":\"fi\",\"potentialAction\":[{\"@type\":\"ReadAction\",\"target\":[\"https:\\\/\\\/www.iloversum.fi\\\/fi\\\/kirjat\\\/olet-kaiken-hyvan-arvoinen\\\/\"]}]},{\"@type\":\"ImageObject\",\"inLanguage\":\"fi\",\"@id\":\"https:\\\/\\\/www.iloversum.fi\\\/fi\\\/kirjat\\\/olet-kaiken-hyvan-arvoinen\\\/#primaryimage\",\"url\":\"https:\\\/\\\/www.iloversum.fi\\\/wp-content\\\/uploads\\\/2021\\\/08\\\/olet-kaiken-hyvan-arvoinen-artikkeli.jpg\",\"contentUrl\":\"https:\\\/\\\/www.iloversum.fi\\\/wp-content\\\/uploads\\\/2021\\\/08\\\/olet-kaiken-hyvan-arvoinen-artikkeli.jpg\",\"width\":1288,\"height\":859},{\"@type\":\"BreadcrumbList\",\"@id\":\"https:\\\/\\\/www.iloversum.fi\\\/fi\\\/kirjat\\\/olet-kaiken-hyvan-arvoinen\\\/#breadcrumb\",\"itemListElement\":[{\"@type\":\"ListItem\",\"position\":1,\"name\":\"Etusivu\",\"item\":\"https:\\\/\\\/www.iloversum.fi\\\/fi\\\/\"},{\"@type\":\"ListItem\",\"position\":2,\"name\":\"Kirjat\",\"item\":\"https:\\\/\\\/www.iloversum.fi\\\/fi\\\/kirjat\\\/\"},{\"@type\":\"ListItem\",\"position\":3,\"name\":\"Olet kaiken hyv\u00e4n arvoinen\"}]},{\"@type\":\"WebSite\",\"@id\":\"https:\\\/\\\/www.iloversum.fi\\\/fi\\\/#website\",\"url\":\"https:\\\/\\\/www.iloversum.fi\\\/fi\\\/\",\"name\":\"Iloversum\",\"description\":\"Iloversum\",\"potentialAction\":[{\"@type\":\"SearchAction\",\"target\":{\"@type\":\"EntryPoint\",\"urlTemplate\":\"https:\\\/\\\/www.iloversum.fi\\\/fi\\\/?s={search_term_string}\"},\"query-input\":{\"@type\":\"PropertyValueSpecification\",\"valueRequired\":true,\"valueName\":\"search_term_string\"}}],\"inLanguage\":\"fi\"}]}<\/script>\n<!-- \/ Yoast SEO plugin. -->","yoast_head_json":{"title":"Olet kaiken hyv\u00e4n arvoinen - Iloversum","robots":{"index":"index","follow":"follow","max-snippet":"max-snippet:-1","max-image-preview":"max-image-preview:large","max-video-preview":"max-video-preview:-1"},"canonical":"https:\/\/www.iloversum.fi\/fi\/kirjat\/olet-kaiken-hyvan-arvoinen\/","og_locale":"fi_FI","og_type":"article","og_title":"Olet kaiken hyv\u00e4n arvoinen - Iloversum","og_description":"[vc_row content_placement=&#8221;middle&#8221; css=&#8221;.vc_custom_1580733807485{padding-top: 70px !important;padding-bottom: 20px !important;}&#8221;][vc_column width=&#8221;1\/3&#8243;][vc_single_image image=&#8221;15234&#8243; img_size=&#8221;medium&#8221; alignment=&#8221;center&#8221; css=&#8221;.vc_custom_1624968450269{margin-top: 30px !important;margin-bottom: 30px !important;}&#8221;][\/vc_column][vc_column width=&#8221;2\/3&#8243; css=&#8221;.vc_custom_1580733628712{padding-bottom: 30px !important;}&#8221;][\/vc_column][\/vc_row][vc_row][vc_column][vc_separator color=&#8221;chino&#8221;][\/vc_column][\/vc_row][vc_row content_placement=&#8221;middle&#8221; css=&#8221;.vc_custom_1625051722490{padding-top: 70px !important;padding-bottom: 70px !important;}&#8221;][vc_column width=&#8221;1\/3&#8243;][vc_single_image image=&#8221;16483&#8243; img_size=&#8221;medium&#8221; alignment=&#8221;center&#8221; css=&#8221;.vc_custom_1725883782872{margin-top: 30px !important;margin-bottom: 30px !important;}&#8221;][\/vc_column][vc_column width=&#8221;2\/3&#8243; css=&#8221;.vc_custom_1580733628712{padding-bottom: 30px !important;}&#8221;][\/vc_column][\/vc_row][vc_row][vc_column][vc_separator color=&#8221;chino&#8221;][\/vc_column][\/vc_row]","og_url":"https:\/\/www.iloversum.fi\/fi\/kirjat\/olet-kaiken-hyvan-arvoinen\/","og_site_name":"Iloversum","article_modified_time":"2024-09-09T12:09:38+00:00","og_image":[{"width":1288,"height":859,"url":"https:\/\/www.iloversum.fi\/wp-content\/uploads\/2021\/08\/olet-kaiken-hyvan-arvoinen-artikkeli.jpg","type":"image\/jpeg"}],"twitter_card":"summary_large_image","twitter_misc":{"Arvioitu lukuaika":"2 minuuttia"},"schema":{"@context":"https:\/\/schema.org","@graph":[{"@type":"WebPage","@id":"https:\/\/www.iloversum.fi\/fi\/kirjat\/olet-kaiken-hyvan-arvoinen\/","url":"https:\/\/www.iloversum.fi\/fi\/kirjat\/olet-kaiken-hyvan-arvoinen\/","name":"Olet kaiken hyv\u00e4n arvoinen - Iloversum","isPartOf":{"@id":"https:\/\/www.iloversum.fi\/fi\/#website"},"primaryImageOfPage":{"@id":"https:\/\/www.iloversum.fi\/fi\/kirjat\/olet-kaiken-hyvan-arvoinen\/#primaryimage"},"image":{"@id":"https:\/\/www.iloversum.fi\/fi\/kirjat\/olet-kaiken-hyvan-arvoinen\/#primaryimage"},"thumbnailUrl":"https:\/\/www.iloversum.fi\/wp-content\/uploads\/2021\/08\/olet-kaiken-hyvan-arvoinen-artikkeli.jpg","datePublished":"2021-06-29T11:40:11+00:00","dateModified":"2024-09-09T12:09:38+00:00","breadcrumb":{"@id":"https:\/\/www.iloversum.fi\/fi\/kirjat\/olet-kaiken-hyvan-arvoinen\/#breadcrumb"},"inLanguage":"fi","potentialAction":[{"@type":"ReadAction","target":["https:\/\/www.iloversum.fi\/fi\/kirjat\/olet-kaiken-hyvan-arvoinen\/"]}]},{"@type":"ImageObject","inLanguage":"fi","@id":"https:\/\/www.iloversum.fi\/fi\/kirjat\/olet-kaiken-hyvan-arvoinen\/#primaryimage","url":"https:\/\/www.iloversum.fi\/wp-content\/uploads\/2021\/08\/olet-kaiken-hyvan-arvoinen-artikkeli.jpg","contentUrl":"https:\/\/www.iloversum.fi\/wp-content\/uploads\/2021\/08\/olet-kaiken-hyvan-arvoinen-artikkeli.jpg","width":1288,"height":859},{"@type":"BreadcrumbList","@id":"https:\/\/www.iloversum.fi\/fi\/kirjat\/olet-kaiken-hyvan-arvoinen\/#breadcrumb","itemListElement":[{"@type":"ListItem","position":1,"name":"Etusivu","item":"https:\/\/www.iloversum.fi\/fi\/"},{"@type":"ListItem","position":2,"name":"Kirjat","item":"https:\/\/www.iloversum.fi\/fi\/kirjat\/"},{"@type":"ListItem","position":3,"name":"Olet kaiken hyv\u00e4n arvoinen"}]},{"@type":"WebSite","@id":"https:\/\/www.iloversum.fi\/fi\/#website","url":"https:\/\/www.iloversum.fi\/fi\/","name":"Iloversum","description":"Iloversum","potentialAction":[{"@type":"SearchAction","target":{"@type":"EntryPoint","urlTemplate":"https:\/\/www.iloversum.fi\/fi\/?s={search_term_string}"},"query-input":{"@type":"PropertyValueSpecification","valueRequired":true,"valueName":"search_term_string"}}],"inLanguage":"fi"}]}},"_links":{"self":[{"href":"https:\/\/www.iloversum.fi\/fi\/wp-json\/wp\/v2\/pages\/15286","targetHints":{"allow":["GET"]}}],"collection":[{"href":"https:\/\/www.iloversum.fi\/fi\/wp-json\/wp\/v2\/pages"}],"about":[{"href":"https:\/\/www.iloversum.fi\/fi\/wp-json\/wp\/v2\/types\/page"}],"author":[{"embeddable":true,"href":"https:\/\/www.iloversum.fi\/fi\/wp-json\/wp\/v2\/users\/1"}],"replies":[{"embeddable":true,"href":"https:\/\/www.iloversum.fi\/fi\/wp-json\/wp\/v2\/comments?post=15286"}],"version-history":[{"count":30,"href":"https:\/\/www.iloversum.fi\/fi\/wp-json\/wp\/v2\/pages\/15286\/revisions"}],"predecessor-version":[{"id":16487,"href":"https:\/\/www.iloversum.fi\/fi\/wp-json\/wp\/v2\/pages\/15286\/revisions\/16487"}],"up":[{"embeddable":true,"href":"https:\/\/www.iloversum.fi\/fi\/wp-json\/wp\/v2\/pages\/15259"}],"wp:featuredmedia":[{"embeddable":true,"href":"https:\/\/www.iloversum.fi\/fi\/wp-json\/wp\/v2\/media\/16237"}],"wp:attachment":[{"href":"https:\/\/www.iloversum.fi\/fi\/wp-json\/wp\/v2\/media?parent=15286"}],"curies":[{"name":"wp","href":"https:\/\/api.w.org\/{rel}","templated":true}]}}