{"id":15311,"date":"2021-06-30T05:34:23","date_gmt":"2021-06-30T05:34:23","guid":{"rendered":"http:\/\/31.217.192.104\/~iloversu\/?page_id=15311"},"modified":"2021-08-24T08:32:27","modified_gmt":"2021-08-24T08:32:27","slug":"aulista-sanottua","status":"publish","type":"page","link":"https:\/\/www.iloversum.fi\/fi\/aulista-sanottua\/","title":{"rendered":"Suosituksia asiakkailtani"},"content":{"rendered":"<div class=\"wpb-content-wrapper\"><p>[vc_row content_placement=&#8221;top&#8221; css=&#8221;.vc_custom_1629793845547{padding-top: 70px !important;padding-bottom: 20px !important;}&#8221;][vc_column width=&#8221;1\/3&#8243;][vc_single_image image=&#8221;16181&#8243; img_size=&#8221;full&#8221; alignment=&#8221;center&#8221; css=&#8221;.vc_custom_1629793641773{margin-top: 30px !important;margin-bottom: 30px !important;}&#8221;][\/vc_column][vc_column width=&#8221;2\/3&#8243; css=&#8221;.vc_custom_1625032995551{padding-bottom: 0px !important;}&#8221;]<div id=\"ultimate-heading-859169f2dbb129092\" class=\"uvc-heading ult-adjust-bottom-margin ultimate-heading-859169f2dbb129092 uvc-2871  uvc-heading-default-font-sizes\" data-hspacer=\"no_spacer\"  data-halign=\"left\" style=\"text-align:left\"><div class=\"uvc-heading-spacer no_spacer\" style=\"top\"><\/div><div class=\"uvc-main-heading ult-responsive\"  data-ultimate-target='.uvc-heading.ultimate-heading-859169f2dbb129092 h3'  data-responsive-json-new='{\"font-size\":\"\",\"line-height\":\"\"}' ><h3 style=\"font-weight:bold;margin-bottom:15px;\">Auli Malimaa<\/h3><\/div><div class=\"uvc-sub-heading ult-responsive\"  data-ultimate-target='.uvc-heading.ultimate-heading-859169f2dbb129092 .uvc-sub-heading '  data-responsive-json-new='{\"font-size\":\"desktop:16px;\",\"line-height\":\"desktop:26px;\"}'  style=\"font-weight:normal;\">MB-Onnellisuusvalmentaja, EIF-Enneagrammiohjaaja,<br \/>\nMB-Master Coach ja El\u00e4m\u00e4ntaidon valmentaja,<br \/>\nFM, Puheterapeutti<\/div><\/div>[vc_empty_space height=&#8221;50px&#8221;][vc_column_text]<em>&#8221;Kiitos inspiroivasta ja tunteita her\u00e4tt\u00e4v\u00e4st\u00e4 luennosta.&#8221;<\/em><br \/>\n<strong>Airi Palosaari, Koulutusp\u00e4\u00e4llikk\u00f6, Edunvalvontaosasto, PAM<\/strong><\/p>\n<p>&nbsp;<\/p>\n<p><em>&#8221;Esimiehen\u00e4 sain koulutuksesta hurjasti selityst\u00e4 monien henkil\u00f6iden toimintatavoille, mutta my\u00f6s itselleni. Uskon, ett\u00e4 my\u00f6s ty\u00f6ntekij\u00e4ni saivat p\u00e4iv\u00e4st\u00e4 puhtia jatkaa eteenp\u00e4in.&#8221;<\/em><br \/>\n<strong>Anne Pitk\u00e4l\u00e4, osastonhoitaja, HUS, Syd\u00e4n- ja keuhkokeskuksen poliklinikka<\/strong><\/p>\n<p>&nbsp;<\/p>\n<p><em>&#8221;Oman itsens\u00e4 ja ty\u00f6kaverin ymm\u00e4rt\u00e4minen on tiimity\u00f6n perustana oleellinen asia. Auli oli meill\u00e4 lis\u00e4\u00e4m\u00e4ss\u00e4 yritysmyyjien itsetuntemusta ja vuorovaikutustaitoja enneagrammin persoonallisuustyyppien avulla. Kaikki pitiv\u00e4t Aulin tyylist\u00e4 ja erinomaisesta ammattitaidosta esitt\u00e4\u00e4 asioita k\u00e4yt\u00e4nn\u00f6n kautta. Voin suositella Aulia l\u00e4mpim\u00e4sti vastaavanlaisiin tilaisuuksiin, kun halutaan luoda toimivalle tiimille perustaa.&#8221;<\/em><br \/>\n<strong>Minna Str\u00f6mmer, myyntijohtaja, Fennia<\/strong><\/p>\n<p>&nbsp;<\/p>\n<p><em>&#8221;Auli kertoi assistenttitiimimme kehitysp\u00e4iv\u00e4ss\u00e4 ennegrammista ja erilaisista persoonallisuustyypeist\u00e4. H\u00e4n sai ryhm\u00e4n avoimesti jakamaan omia toimintatapojaan ja kokemuksiaan. Jokainen l\u00f6ysi omien persoonallisuustyyppiens\u00e4 vahvuudet, joiden avulla my\u00f6s ryhm\u00e4n dynamiikka voi jatkossa toimia paremmin. Auli on innostava kouluttaja.&#8221;, <\/em><br \/>\n<strong>Taina Saarikoski, Manager, Internal Commucations, Travel and Office Services at Trimble Solutions Corp.<\/strong><\/p>\n<p>&nbsp;<\/p>\n<p><em>&#8221;Mediverkko Hoivapalvelut Oy suosittelee Auli Malimaan ja Iloversumin palveluita sek\u00e4 ryhm\u00e4- ett\u00e4 yksil\u00f6valmennuksiin niin hoitajille kuin esimiehillekin.&#8221;<\/em><br \/>\n<strong>Liisa Rantakokko, Johtaja, laatu- ja henkil\u00f6st\u00f6asiat, Mediverkko Hoivapalvelut Oy<\/strong><\/p>\n<p>&nbsp;<\/p>\n<p><em>&#8221;Voin l\u00e4mpim\u00e4sti suositella Aulia kouluttajana.&#8221;<\/em><br \/>\n<strong>Marika Borg, Rehtori, El\u00e4m\u00e4ntaidon valmennusakatemia, Namaste Oy<\/strong><\/p>\n<p>&nbsp;<\/p>\n<p><em>&#8221;Suosittelen syd\u00e4mellisesti Auli Malimaata enneagrammikouluttajaksi. Auli tuntee aiheen l\u00e4pikotaisin ja h\u00e4nen luontainen, hersyv\u00e4 huumorintajunsa on verraton bonus kuulijoilleen.&#8221;<\/em><br \/>\n<strong>Liisa Nyman, Hyvinvointiohjaaja, Fredan Hyvinvointikeskus<\/strong><\/p>\n<p>&nbsp;<\/p>\n<p><em>&#8221;Olen tehnyt yhteisty\u00f6t\u00e4 Aulin kanssa runsaan vuoden. H\u00e4n on eritt\u00e4in ammattitaitoinen ty\u00f6ss\u00e4\u00e4n valmentajana. H\u00e4n tunnistaa aina olennaisen, hallitsee monenlaisia ty\u00f6tapoja ja menetelmi\u00e4 sek\u00e4 kunnioittaa asiakkaan yksil\u00f6llisyytt\u00e4. Lis\u00e4ksi h\u00e4n on erinomainen luennoitsija.<\/em>&#8221;<br \/>\n<strong>Helena Santasalo, Psykologi, organsaatiokonsultti (FINOD)<\/strong><\/p>\n<p>&nbsp;<\/p>\n<p><em>&#8221;Auli on l\u00e4mminhenkinen ja empaattinen valmentaja ja kouluttaja, joka pist\u00e4\u00e4 itsens\u00e4 t\u00e4ysill\u00e4 likoon ja luo kannustavan ja luottamuksellisen ilmapiirin sek\u00e4 ryhm\u00e4ss\u00e4 ett\u00e4 yksil\u00f6valmennuksessa. Huumorintajunsa ja tarkkan\u00e4k\u00f6isyytens\u00e4 ansiosta Auli johdattaa valmennettavan hienoihin oivalluksiin. Suosittelen Aulia l\u00e4mpim\u00e4sti valmentajana.&#8221;<\/em><br \/>\n<strong>Minna Meht\u00e4l\u00e4, Strategic Planner<\/strong><\/p>\n<p>&nbsp;<\/p>\n<p><em>&#8221;Aulin el\u00e4m\u00e4nkokemus tuo syvyytt\u00e4 ja uskottavuutta koulutuksiin. \u00a0H\u00e4n auttaa katsomaan asioita eri n\u00e4k\u00f6kulmasta ja keskustelut antavat uutta virtaa.&#8221;<\/em><br \/>\n<strong>Pirkko Koivu, toimittaja<\/strong><\/p>\n<p>&nbsp;<\/p>\n<p>[\/vc_column_text][\/vc_column][\/vc_row]<\/p>\n<\/div>","protected":false},"excerpt":{"rendered":"<p>[vc_row content_placement=&#8221;top&#8221; css=&#8221;.vc_custom_1629793845547{padding-top: 70px !important;padding-bottom: 20px !important;}&#8221;][vc_column width=&#8221;1\/3&#8243;][vc_single_image image=&#8221;16181&#8243; img_size=&#8221;full&#8221; alignment=&#8221;center&#8221; css=&#8221;.vc_custom_1629793641773{margin-top: 30px !important;margin-bottom: 30px !important;}&#8221;][\/vc_column][vc_column width=&#8221;2\/3&#8243; css=&#8221;.vc_custom_1625032995551{padding-bottom: 0px !important;}&#8221;][vc_empty_space height=&#8221;50px&#8221;][vc_column_text]&#8221;Kiitos inspiroivasta ja tunteita her\u00e4tt\u00e4v\u00e4st\u00e4 luennosta.&#8221; Airi Palosaari, Koulutusp\u00e4\u00e4llikk\u00f6, Edunvalvontaosasto, PAM &nbsp; &#8221;Esimiehen\u00e4 sain koulutuksesta hurjasti selityst\u00e4 monien henkil\u00f6iden toimintatavoille, mutta my\u00f6s itselleni. Uskon, ett\u00e4 my\u00f6s ty\u00f6ntekij\u00e4ni saivat p\u00e4iv\u00e4st\u00e4 puhtia jatkaa eteenp\u00e4in.&#8221; Anne Pitk\u00e4l\u00e4, osastonhoitaja,&hellip;<\/p>\n","protected":false},"author":1,"featured_media":0,"parent":0,"menu_order":6,"comment_status":"closed","ping_status":"closed","template":"","meta":{"footnotes":""},"class_list":["post-15311","page","type-page","status-publish","hentry","description-off"],"yoast_head":"<!-- This site is optimized with the Yoast SEO plugin v27.5 - https:\/\/yoast.com\/product\/yoast-seo-wordpress\/ -->\n<title>Suosituksia asiakkailtani - Iloversum<\/title>\n<meta name=\"robots\" content=\"index, follow, max-snippet:-1, max-image-preview:large, max-video-preview:-1\" \/>\n<link rel=\"canonical\" href=\"https:\/\/www.iloversum.fi\/fi\/aulista-sanottua\/\" \/>\n<meta property=\"og:locale\" content=\"fi_FI\" \/>\n<meta property=\"og:type\" content=\"article\" \/>\n<meta property=\"og:title\" content=\"Suosituksia asiakkailtani - Iloversum\" \/>\n<meta property=\"og:description\" content=\"[vc_row content_placement=&#8221;top&#8221; css=&#8221;.vc_custom_1629793845547{padding-top: 70px !important;padding-bottom: 20px !important;}&#8221;][vc_column width=&#8221;1\/3&#8243;][vc_single_image image=&#8221;16181&#8243; img_size=&#8221;full&#8221; alignment=&#8221;center&#8221; css=&#8221;.vc_custom_1629793641773{margin-top: 30px !important;margin-bottom: 30px !important;}&#8221;][\/vc_column][vc_column width=&#8221;2\/3&#8243; css=&#8221;.vc_custom_1625032995551{padding-bottom: 0px !important;}&#8221;][vc_empty_space height=&#8221;50px&#8221;][vc_column_text]&#8221;Kiitos inspiroivasta ja tunteita her\u00e4tt\u00e4v\u00e4st\u00e4 luennosta.&#8221; Airi Palosaari, Koulutusp\u00e4\u00e4llikk\u00f6, Edunvalvontaosasto, PAM &nbsp; &#8221;Esimiehen\u00e4 sain koulutuksesta hurjasti selityst\u00e4 monien henkil\u00f6iden toimintatavoille, mutta my\u00f6s itselleni. Uskon, ett\u00e4 my\u00f6s ty\u00f6ntekij\u00e4ni saivat p\u00e4iv\u00e4st\u00e4 puhtia jatkaa eteenp\u00e4in.&#8221; Anne Pitk\u00e4l\u00e4, osastonhoitaja,&hellip;\" \/>\n<meta property=\"og:url\" content=\"https:\/\/www.iloversum.fi\/fi\/aulista-sanottua\/\" \/>\n<meta property=\"og:site_name\" content=\"Iloversum\" \/>\n<meta property=\"article:modified_time\" content=\"2021-08-24T08:32:27+00:00\" \/>\n<meta name=\"twitter:card\" content=\"summary_large_image\" \/>\n<meta name=\"twitter:label1\" content=\"Arvioitu lukuaika\" \/>\n\t<meta name=\"twitter:data1\" content=\"2 minuuttia\" \/>\n<script type=\"application\/ld+json\" class=\"yoast-schema-graph\">{\"@context\":\"https:\\\/\\\/schema.org\",\"@graph\":[{\"@type\":\"WebPage\",\"@id\":\"https:\\\/\\\/www.iloversum.fi\\\/fi\\\/aulista-sanottua\\\/\",\"url\":\"https:\\\/\\\/www.iloversum.fi\\\/fi\\\/aulista-sanottua\\\/\",\"name\":\"Suosituksia asiakkailtani - Iloversum\",\"isPartOf\":{\"@id\":\"https:\\\/\\\/www.iloversum.fi\\\/fi\\\/#website\"},\"datePublished\":\"2021-06-30T05:34:23+00:00\",\"dateModified\":\"2021-08-24T08:32:27+00:00\",\"breadcrumb\":{\"@id\":\"https:\\\/\\\/www.iloversum.fi\\\/fi\\\/aulista-sanottua\\\/#breadcrumb\"},\"inLanguage\":\"fi\",\"potentialAction\":[{\"@type\":\"ReadAction\",\"target\":[\"https:\\\/\\\/www.iloversum.fi\\\/fi\\\/aulista-sanottua\\\/\"]}]},{\"@type\":\"BreadcrumbList\",\"@id\":\"https:\\\/\\\/www.iloversum.fi\\\/fi\\\/aulista-sanottua\\\/#breadcrumb\",\"itemListElement\":[{\"@type\":\"ListItem\",\"position\":1,\"name\":\"Etusivu\",\"item\":\"https:\\\/\\\/www.iloversum.fi\\\/fi\\\/\"},{\"@type\":\"ListItem\",\"position\":2,\"name\":\"Suosituksia asiakkailtani\"}]},{\"@type\":\"WebSite\",\"@id\":\"https:\\\/\\\/www.iloversum.fi\\\/fi\\\/#website\",\"url\":\"https:\\\/\\\/www.iloversum.fi\\\/fi\\\/\",\"name\":\"Iloversum\",\"description\":\"Iloversum\",\"potentialAction\":[{\"@type\":\"SearchAction\",\"target\":{\"@type\":\"EntryPoint\",\"urlTemplate\":\"https:\\\/\\\/www.iloversum.fi\\\/fi\\\/?s={search_term_string}\"},\"query-input\":{\"@type\":\"PropertyValueSpecification\",\"valueRequired\":true,\"valueName\":\"search_term_string\"}}],\"inLanguage\":\"fi\"}]}<\/script>\n<!-- \/ Yoast SEO plugin. -->","yoast_head_json":{"title":"Suosituksia asiakkailtani - Iloversum","robots":{"index":"index","follow":"follow","max-snippet":"max-snippet:-1","max-image-preview":"max-image-preview:large","max-video-preview":"max-video-preview:-1"},"canonical":"https:\/\/www.iloversum.fi\/fi\/aulista-sanottua\/","og_locale":"fi_FI","og_type":"article","og_title":"Suosituksia asiakkailtani - Iloversum","og_description":"[vc_row content_placement=&#8221;top&#8221; css=&#8221;.vc_custom_1629793845547{padding-top: 70px !important;padding-bottom: 20px !important;}&#8221;][vc_column width=&#8221;1\/3&#8243;][vc_single_image image=&#8221;16181&#8243; img_size=&#8221;full&#8221; alignment=&#8221;center&#8221; css=&#8221;.vc_custom_1629793641773{margin-top: 30px !important;margin-bottom: 30px !important;}&#8221;][\/vc_column][vc_column width=&#8221;2\/3&#8243; css=&#8221;.vc_custom_1625032995551{padding-bottom: 0px !important;}&#8221;][vc_empty_space height=&#8221;50px&#8221;][vc_column_text]&#8221;Kiitos inspiroivasta ja tunteita her\u00e4tt\u00e4v\u00e4st\u00e4 luennosta.&#8221; Airi Palosaari, Koulutusp\u00e4\u00e4llikk\u00f6, Edunvalvontaosasto, PAM &nbsp; &#8221;Esimiehen\u00e4 sain koulutuksesta hurjasti selityst\u00e4 monien henkil\u00f6iden toimintatavoille, mutta my\u00f6s itselleni. Uskon, ett\u00e4 my\u00f6s ty\u00f6ntekij\u00e4ni saivat p\u00e4iv\u00e4st\u00e4 puhtia jatkaa eteenp\u00e4in.&#8221; Anne Pitk\u00e4l\u00e4, osastonhoitaja,&hellip;","og_url":"https:\/\/www.iloversum.fi\/fi\/aulista-sanottua\/","og_site_name":"Iloversum","article_modified_time":"2021-08-24T08:32:27+00:00","twitter_card":"summary_large_image","twitter_misc":{"Arvioitu lukuaika":"2 minuuttia"},"schema":{"@context":"https:\/\/schema.org","@graph":[{"@type":"WebPage","@id":"https:\/\/www.iloversum.fi\/fi\/aulista-sanottua\/","url":"https:\/\/www.iloversum.fi\/fi\/aulista-sanottua\/","name":"Suosituksia asiakkailtani - Iloversum","isPartOf":{"@id":"https:\/\/www.iloversum.fi\/fi\/#website"},"datePublished":"2021-06-30T05:34:23+00:00","dateModified":"2021-08-24T08:32:27+00:00","breadcrumb":{"@id":"https:\/\/www.iloversum.fi\/fi\/aulista-sanottua\/#breadcrumb"},"inLanguage":"fi","potentialAction":[{"@type":"ReadAction","target":["https:\/\/www.iloversum.fi\/fi\/aulista-sanottua\/"]}]},{"@type":"BreadcrumbList","@id":"https:\/\/www.iloversum.fi\/fi\/aulista-sanottua\/#breadcrumb","itemListElement":[{"@type":"ListItem","position":1,"name":"Etusivu","item":"https:\/\/www.iloversum.fi\/fi\/"},{"@type":"ListItem","position":2,"name":"Suosituksia asiakkailtani"}]},{"@type":"WebSite","@id":"https:\/\/www.iloversum.fi\/fi\/#website","url":"https:\/\/www.iloversum.fi\/fi\/","name":"Iloversum","description":"Iloversum","potentialAction":[{"@type":"SearchAction","target":{"@type":"EntryPoint","urlTemplate":"https:\/\/www.iloversum.fi\/fi\/?s={search_term_string}"},"query-input":{"@type":"PropertyValueSpecification","valueRequired":true,"valueName":"search_term_string"}}],"inLanguage":"fi"}]}},"_links":{"self":[{"href":"https:\/\/www.iloversum.fi\/fi\/wp-json\/wp\/v2\/pages\/15311","targetHints":{"allow":["GET"]}}],"collection":[{"href":"https:\/\/www.iloversum.fi\/fi\/wp-json\/wp\/v2\/pages"}],"about":[{"href":"https:\/\/www.iloversum.fi\/fi\/wp-json\/wp\/v2\/types\/page"}],"author":[{"embeddable":true,"href":"https:\/\/www.iloversum.fi\/fi\/wp-json\/wp\/v2\/users\/1"}],"replies":[{"embeddable":true,"href":"https:\/\/www.iloversum.fi\/fi\/wp-json\/wp\/v2\/comments?post=15311"}],"version-history":[{"count":18,"href":"https:\/\/www.iloversum.fi\/fi\/wp-json\/wp\/v2\/pages\/15311\/revisions"}],"predecessor-version":[{"id":16186,"href":"https:\/\/www.iloversum.fi\/fi\/wp-json\/wp\/v2\/pages\/15311\/revisions\/16186"}],"wp:attachment":[{"href":"https:\/\/www.iloversum.fi\/fi\/wp-json\/wp\/v2\/media?parent=15311"}],"curies":[{"name":"wp","href":"https:\/\/api.w.org\/{rel}","templated":true}]}}