{"id":15332,"date":"2021-06-30T06:05:22","date_gmt":"2021-06-30T06:05:22","guid":{"rendered":"http:\/\/31.217.192.104\/~iloversu\/?page_id=15332"},"modified":"2025-10-31T07:05:07","modified_gmt":"2025-10-31T07:05:07","slug":"vuorovaikutuskoulutukset","status":"publish","type":"page","link":"https:\/\/www.iloversum.fi\/fi\/vuorovaikutuskoulutukset\/","title":{"rendered":"Vuorovaikutuskoulutukset"},"content":{"rendered":"<div class=\"wpb-content-wrapper\"><p>[vc_row bg_type=&#8221;bg_color&#8221; bg_override=&#8221;ex-full&#8221; bg_color_value=&#8221;#e1edef&#8221;][vc_column][vc_single_image image=&#8221;16191&#8243; img_size=&#8221;full&#8221; alignment=&#8221;center&#8221;][\/vc_column][\/vc_row][vc_row bg_type=&#8221;bg_color&#8221; bg_override=&#8221;ex-full&#8221; bg_color_value=&#8221;#ffffff&#8221; css=&#8221;.vc_custom_1625052549254{margin-top: 40px !important;margin-bottom: 70px !important;}&#8221;][vc_column width=&#8221;1\/6&#8243;][\/vc_column][vc_column width=&#8221;2\/3&#8243;]<div id=\"ultimate-heading-81269eb748eb85c2\" class=\"uvc-heading ult-adjust-bottom-margin ultimate-heading-81269eb748eb85c2 uvc-4154 \" data-hspacer=\"no_spacer\"  data-halign=\"center\" style=\"text-align:center\"><div class=\"uvc-heading-spacer no_spacer\" style=\"top\"><\/div><div class=\"uvc-main-heading ult-responsive\"  data-ultimate-target='.uvc-heading.ultimate-heading-81269eb748eb85c2 h1'  data-responsive-json-new='{\"font-size\":\"desktop:34px;\",\"line-height\":\"desktop:44px;\"}' ><h1 style=\"--font-weight:theme;color:#333333;margin-top:40px;margin-bottom:40px;\">Vaivattomampaa vuorovaikutusta<\/h1><\/div><\/div>[vc_column_text]<\/p>\n<header><\/header>\n<h3>Oletko joskus ihmetellyt toisten tapaa toimia? Tai h\u00e4mm\u00e4stellyt omaa reaktiotasi?<\/h3>\n<p>Teemme asioita tietyll\u00e4 tavalla useimmiten tiedostamatta syyt\u00e4 k\u00e4yt\u00f6kseemme ja oletamme muidenkin toimivan samalla tavalla. N\u00e4in ei kuitenkaan ole. Olemme toimintatavoissamme hyvinkin erilaisia ja silti kaikki yht\u00e4 arvokkaita ja hyvi\u00e4 kukin ainutlaatuisella tavallaan. Kohtaamme maailman, muut ihmiset ja itsemme h\u00e4mm\u00e4stytt\u00e4v\u00e4n erilaisilla tavoilla.<\/p>\n<p>&nbsp;<\/p>\n<p>Erilaisuuden ymm\u00e4rt\u00e4miseen ja arvostamiseen sek\u00e4 vaivattomampaan vuorovaikutukseen t\u00e4ht\u00e4\u00e4viss\u00e4 koulutuksissani k\u00e4ytet\u00e4\u00e4n ty\u00f6v\u00e4lineen\u00e4 enneagrammi-persoonallisuusmallia, joka kuvaa todella tarkasti ja syv\u00e4llisesti yhdeks\u00e4\u00e4 erilaista tapaa toimia ja olla vuorovaikutuksessa.<\/p>\n<p>&nbsp;<\/p>\n<div id=\"main-wrapper\">\n<div class=\"container\">\n<article class=\"box post\">\n<section>\n<h3>Erilaisuuden tunnistamisen ja arvostamisen hy\u00f6dyt<\/h3>\n<p>Antoisien ihmissuhteiden ja toimivan yhteisty\u00f6n salaisuus on erilaisuuden arvostaminen ja hy\u00f6dynt\u00e4minen. Enneagrammi-persoonallisuusmalli auttaa meit\u00e4 ymm\u00e4rt\u00e4m\u00e4\u00e4n niin oman kuin muiden toiminnan takana olevia alitajuisia motiiveja ja automaattisia toimintamalleja sek\u00e4 tunnistamaan omia erityisi\u00e4 vahvuuksiamme. \u00a0Itsetuntemuksen lis\u00e4\u00e4ntyess\u00e4 my\u00f6s muiden ymm\u00e4rt\u00e4minen helpottuu, vuorovaikutustaidot kehittyv\u00e4t ja pystymme paremmin ottamaan k\u00e4ytt\u00f6\u00f6n yksil\u00f6llisten vahvuuksiemme koko potentiaalin ja parhaimmillaan tuomaan sen kaikkien yhteiseksi hy\u00f6dyksi.<\/p>\n<p>&nbsp;<\/p>\n<p>Enneagrammi-malli antaa ev\u00e4it\u00e4 kaikkiin ihmissuhteisiin, oli kyseess\u00e4 ty\u00f6yhteis\u00f6, harrastepiirit, perhe tai parisuhde. Ty\u00f6paikoilla se on loistava ty\u00f6v\u00e4line yhteisymm\u00e4rryksen kasvamiseen ja ty\u00f6ilmapiirin parantamiseen. Lis\u00e4ksi se auttaa niin esimiesty\u00f6skentelyss\u00e4, johtamisessa kuin asiakkaiden kohtaamisessakin. Ottamalla k\u00e4ytt\u00f6\u00f6n yhdeks\u00e4n loistavan persoonallisuustyypin arvokkaat erityislahjat saadaan aidosti kaikkia arvostava, yhdess\u00e4 toimiva, tehokas ja ratkaisukeskeinen yhteis\u00f6.<\/p>\n<p>&nbsp;<\/p>\n<\/section>\n<section>\n<h3>Koulutukset<\/h3>\n<p>Jokainen koulutus r\u00e4\u00e4t\u00e4l\u00f6id\u00e4\u00e4n kunkin yhteis\u00f6n tavoitteiden ja tarpeiden mukaan. Esimerkkej\u00e4 enneagrammikoulutuksista:<\/p>\n<p>&nbsp;<\/p>\n<p><strong>Tunne itsesi, ymm\u00e4rr\u00e4 muita<\/strong> \u2013 tutustutaan yhdeks\u00e4\u00e4n loistavaan tyyppiin ja tunnistetaan oma tyyppi<\/p>\n<p><strong>Erilaisuus tuloksentekij\u00e4n\u00e4<\/strong> \u2013 keskityt\u00e4\u00e4n tyyppien vahvuuksien tunnistamiseen ja hy\u00f6dynt\u00e4miseen ty\u00f6yhteis\u00f6ss\u00e4<\/p>\n<p><strong>Ty\u00f6yhteis\u00f6n erilaset vuorovaikutusmallit<\/strong> \u2013 tutustutaan tyyppien erilaisiin tapoihin olla vuorovaikutuksessa sek\u00e4 niiden hy\u00f6tyihin<\/p>\n<p><strong>Stressist\u00e4 hyvinvointiin <\/strong>\u2013 tutustutaan kunkin tyypin tapaan helpottaa stressi\u00e4\u00e4n ja lis\u00e4t\u00e4 hyvinvointiaan<\/p>\n<p><strong>Vaistojen viem\u00e4\u00e4<\/strong> \u2013 opitaan huomaamaan, miten erilaiset eloonj\u00e4\u00e4misvaistot vaikuttavat ihmissuhteissa, my\u00f6s ty\u00f6paikoilla<\/p>\n<p>&nbsp;<\/p>\n<p><a href=\"https:\/\/www.iloversum.fi\/aulista-sanottua\/\">Suosituksia asiakkailtani<\/a><\/p>\n<p><a href=\"https:\/\/www.iloversum.fi\/ota-yhteytta\/\">Kysy lis\u00e4tietoja tai pyyd\u00e4 tarjous!<\/a><\/p>\n<p><a href=\"https:\/\/www.iloversum.fi\/ymmarra-paremmin-itseasi-ja-muita-kotiworkshop\/\">Ymm\u00e4rr\u00e4 paremmin itse\u00e4si ja muita -kotiWorkshop<\/a><\/p>\n<p>Lue lis\u00e4\u00e4 enneagrammista ja tunnista oma <a title=\"enneagrammityyppisi\" href=\"http:\/\/www.namaste.fi\/enneagrammi\/\" target=\"_blank\" rel=\"noopener\">enneagrammityyppisi.<\/a><\/p>\n<\/section>\n<\/article>\n<\/div>\n<\/div>\n<p>[\/vc_column_text][\/vc_column][vc_column width=&#8221;1\/6&#8243;][\/vc_column][\/vc_row]<\/p>\n<\/div>","protected":false},"excerpt":{"rendered":"<p>[vc_row bg_type=&#8221;bg_color&#8221; bg_override=&#8221;ex-full&#8221; bg_color_value=&#8221;#e1edef&#8221;][vc_column][vc_single_image image=&#8221;16191&#8243; img_size=&#8221;full&#8221; alignment=&#8221;center&#8221;][\/vc_column][\/vc_row][vc_row bg_type=&#8221;bg_color&#8221; bg_override=&#8221;ex-full&#8221; bg_color_value=&#8221;#ffffff&#8221; css=&#8221;.vc_custom_1625052549254{margin-top: 40px !important;margin-bottom: 70px !important;}&#8221;][vc_column width=&#8221;1\/6&#8243;][\/vc_column][vc_column width=&#8221;2\/3&#8243;][vc_column_text] Oletko joskus ihmetellyt toisten tapaa toimia? Tai h\u00e4mm\u00e4stellyt omaa reaktiotasi? Teemme asioita tietyll\u00e4 tavalla useimmiten tiedostamatta syyt\u00e4 k\u00e4yt\u00f6kseemme ja oletamme muidenkin toimivan samalla tavalla. N\u00e4in ei kuitenkaan ole. Olemme toimintatavoissamme hyvinkin erilaisia ja silti kaikki yht\u00e4 arvokkaita ja&hellip;<\/p>\n","protected":false},"author":1,"featured_media":16191,"parent":0,"menu_order":2,"comment_status":"closed","ping_status":"closed","template":"","meta":{"footnotes":""},"class_list":["post-15332","page","type-page","status-publish","has-post-thumbnail","hentry","description-off"],"yoast_head":"<!-- This site is optimized with the Yoast SEO plugin v27.4 - https:\/\/yoast.com\/product\/yoast-seo-wordpress\/ -->\n<title>Vuorovaikutuskoulutukset - Iloversum<\/title>\n<meta name=\"description\" content=\"Vuorovaikutuskoulutukset - Vaivattomampaa vuorovaikutusta. Oletko joskus ihmetellyt toisten tapaa toimia? Tai h\u00e4mm\u00e4stellyt omaa reaktiotasi?\" \/>\n<meta name=\"robots\" content=\"index, follow, max-snippet:-1, max-image-preview:large, max-video-preview:-1\" \/>\n<link rel=\"canonical\" href=\"https:\/\/www.iloversum.fi\/fi\/vuorovaikutuskoulutukset\/\" \/>\n<meta property=\"og:locale\" content=\"fi_FI\" \/>\n<meta property=\"og:type\" content=\"article\" \/>\n<meta property=\"og:title\" content=\"Vuorovaikutuskoulutukset - Iloversum\" \/>\n<meta property=\"og:description\" content=\"Vuorovaikutuskoulutukset - Vaivattomampaa vuorovaikutusta. Oletko joskus ihmetellyt toisten tapaa toimia? Tai h\u00e4mm\u00e4stellyt omaa reaktiotasi?\" \/>\n<meta property=\"og:url\" content=\"https:\/\/www.iloversum.fi\/fi\/vuorovaikutuskoulutukset\/\" \/>\n<meta property=\"og:site_name\" content=\"Iloversum\" \/>\n<meta property=\"article:modified_time\" content=\"2025-10-31T07:05:07+00:00\" \/>\n<meta property=\"og:image\" content=\"https:\/\/www.iloversum.fi\/wp-content\/uploads\/2021\/08\/vuorovaikutuskoulutukset_auli-malimaa-0821.jpg\" \/>\n\t<meta property=\"og:image:width\" content=\"2048\" \/>\n\t<meta property=\"og:image:height\" content=\"649\" \/>\n\t<meta property=\"og:image:type\" content=\"image\/jpeg\" \/>\n<meta name=\"twitter:card\" content=\"summary_large_image\" \/>\n<meta name=\"twitter:label1\" content=\"Arvioitu lukuaika\" \/>\n\t<meta name=\"twitter:data1\" content=\"3 minuuttia\" \/>\n<script type=\"application\/ld+json\" class=\"yoast-schema-graph\">{\"@context\":\"https:\\\/\\\/schema.org\",\"@graph\":[{\"@type\":\"WebPage\",\"@id\":\"https:\\\/\\\/www.iloversum.fi\\\/fi\\\/vuorovaikutuskoulutukset\\\/\",\"url\":\"https:\\\/\\\/www.iloversum.fi\\\/fi\\\/vuorovaikutuskoulutukset\\\/\",\"name\":\"Vuorovaikutuskoulutukset - Iloversum\",\"isPartOf\":{\"@id\":\"https:\\\/\\\/www.iloversum.fi\\\/fi\\\/#website\"},\"primaryImageOfPage\":{\"@id\":\"https:\\\/\\\/www.iloversum.fi\\\/fi\\\/vuorovaikutuskoulutukset\\\/#primaryimage\"},\"image\":{\"@id\":\"https:\\\/\\\/www.iloversum.fi\\\/fi\\\/vuorovaikutuskoulutukset\\\/#primaryimage\"},\"thumbnailUrl\":\"https:\\\/\\\/www.iloversum.fi\\\/wp-content\\\/uploads\\\/2021\\\/08\\\/vuorovaikutuskoulutukset_auli-malimaa-0821.jpg\",\"datePublished\":\"2021-06-30T06:05:22+00:00\",\"dateModified\":\"2025-10-31T07:05:07+00:00\",\"description\":\"Vuorovaikutuskoulutukset - Vaivattomampaa vuorovaikutusta. Oletko joskus ihmetellyt toisten tapaa toimia? Tai h\u00e4mm\u00e4stellyt omaa reaktiotasi?\",\"breadcrumb\":{\"@id\":\"https:\\\/\\\/www.iloversum.fi\\\/fi\\\/vuorovaikutuskoulutukset\\\/#breadcrumb\"},\"inLanguage\":\"fi\",\"potentialAction\":[{\"@type\":\"ReadAction\",\"target\":[\"https:\\\/\\\/www.iloversum.fi\\\/fi\\\/vuorovaikutuskoulutukset\\\/\"]}]},{\"@type\":\"ImageObject\",\"inLanguage\":\"fi\",\"@id\":\"https:\\\/\\\/www.iloversum.fi\\\/fi\\\/vuorovaikutuskoulutukset\\\/#primaryimage\",\"url\":\"https:\\\/\\\/www.iloversum.fi\\\/wp-content\\\/uploads\\\/2021\\\/08\\\/vuorovaikutuskoulutukset_auli-malimaa-0821.jpg\",\"contentUrl\":\"https:\\\/\\\/www.iloversum.fi\\\/wp-content\\\/uploads\\\/2021\\\/08\\\/vuorovaikutuskoulutukset_auli-malimaa-0821.jpg\",\"width\":2048,\"height\":649,\"caption\":\"Auli Malimaan vuorovaikutuskoulutusluento ryhm\u00e4lle\"},{\"@type\":\"BreadcrumbList\",\"@id\":\"https:\\\/\\\/www.iloversum.fi\\\/fi\\\/vuorovaikutuskoulutukset\\\/#breadcrumb\",\"itemListElement\":[{\"@type\":\"ListItem\",\"position\":1,\"name\":\"Etusivu\",\"item\":\"https:\\\/\\\/www.iloversum.fi\\\/fi\\\/\"},{\"@type\":\"ListItem\",\"position\":2,\"name\":\"Vuorovaikutuskoulutukset\"}]},{\"@type\":\"WebSite\",\"@id\":\"https:\\\/\\\/www.iloversum.fi\\\/fi\\\/#website\",\"url\":\"https:\\\/\\\/www.iloversum.fi\\\/fi\\\/\",\"name\":\"Iloversum\",\"description\":\"Iloversum\",\"potentialAction\":[{\"@type\":\"SearchAction\",\"target\":{\"@type\":\"EntryPoint\",\"urlTemplate\":\"https:\\\/\\\/www.iloversum.fi\\\/fi\\\/?s={search_term_string}\"},\"query-input\":{\"@type\":\"PropertyValueSpecification\",\"valueRequired\":true,\"valueName\":\"search_term_string\"}}],\"inLanguage\":\"fi\"}]}<\/script>\n<!-- \/ Yoast SEO plugin. -->","yoast_head_json":{"title":"Vuorovaikutuskoulutukset - Iloversum","description":"Vuorovaikutuskoulutukset - Vaivattomampaa vuorovaikutusta. Oletko joskus ihmetellyt toisten tapaa toimia? Tai h\u00e4mm\u00e4stellyt omaa reaktiotasi?","robots":{"index":"index","follow":"follow","max-snippet":"max-snippet:-1","max-image-preview":"max-image-preview:large","max-video-preview":"max-video-preview:-1"},"canonical":"https:\/\/www.iloversum.fi\/fi\/vuorovaikutuskoulutukset\/","og_locale":"fi_FI","og_type":"article","og_title":"Vuorovaikutuskoulutukset - Iloversum","og_description":"Vuorovaikutuskoulutukset - Vaivattomampaa vuorovaikutusta. Oletko joskus ihmetellyt toisten tapaa toimia? Tai h\u00e4mm\u00e4stellyt omaa reaktiotasi?","og_url":"https:\/\/www.iloversum.fi\/fi\/vuorovaikutuskoulutukset\/","og_site_name":"Iloversum","article_modified_time":"2025-10-31T07:05:07+00:00","og_image":[{"width":2048,"height":649,"url":"https:\/\/www.iloversum.fi\/wp-content\/uploads\/2021\/08\/vuorovaikutuskoulutukset_auli-malimaa-0821.jpg","type":"image\/jpeg"}],"twitter_card":"summary_large_image","twitter_misc":{"Arvioitu lukuaika":"3 minuuttia"},"schema":{"@context":"https:\/\/schema.org","@graph":[{"@type":"WebPage","@id":"https:\/\/www.iloversum.fi\/fi\/vuorovaikutuskoulutukset\/","url":"https:\/\/www.iloversum.fi\/fi\/vuorovaikutuskoulutukset\/","name":"Vuorovaikutuskoulutukset - Iloversum","isPartOf":{"@id":"https:\/\/www.iloversum.fi\/fi\/#website"},"primaryImageOfPage":{"@id":"https:\/\/www.iloversum.fi\/fi\/vuorovaikutuskoulutukset\/#primaryimage"},"image":{"@id":"https:\/\/www.iloversum.fi\/fi\/vuorovaikutuskoulutukset\/#primaryimage"},"thumbnailUrl":"https:\/\/www.iloversum.fi\/wp-content\/uploads\/2021\/08\/vuorovaikutuskoulutukset_auli-malimaa-0821.jpg","datePublished":"2021-06-30T06:05:22+00:00","dateModified":"2025-10-31T07:05:07+00:00","description":"Vuorovaikutuskoulutukset - Vaivattomampaa vuorovaikutusta. Oletko joskus ihmetellyt toisten tapaa toimia? Tai h\u00e4mm\u00e4stellyt omaa reaktiotasi?","breadcrumb":{"@id":"https:\/\/www.iloversum.fi\/fi\/vuorovaikutuskoulutukset\/#breadcrumb"},"inLanguage":"fi","potentialAction":[{"@type":"ReadAction","target":["https:\/\/www.iloversum.fi\/fi\/vuorovaikutuskoulutukset\/"]}]},{"@type":"ImageObject","inLanguage":"fi","@id":"https:\/\/www.iloversum.fi\/fi\/vuorovaikutuskoulutukset\/#primaryimage","url":"https:\/\/www.iloversum.fi\/wp-content\/uploads\/2021\/08\/vuorovaikutuskoulutukset_auli-malimaa-0821.jpg","contentUrl":"https:\/\/www.iloversum.fi\/wp-content\/uploads\/2021\/08\/vuorovaikutuskoulutukset_auli-malimaa-0821.jpg","width":2048,"height":649,"caption":"Auli Malimaan vuorovaikutuskoulutusluento ryhm\u00e4lle"},{"@type":"BreadcrumbList","@id":"https:\/\/www.iloversum.fi\/fi\/vuorovaikutuskoulutukset\/#breadcrumb","itemListElement":[{"@type":"ListItem","position":1,"name":"Etusivu","item":"https:\/\/www.iloversum.fi\/fi\/"},{"@type":"ListItem","position":2,"name":"Vuorovaikutuskoulutukset"}]},{"@type":"WebSite","@id":"https:\/\/www.iloversum.fi\/fi\/#website","url":"https:\/\/www.iloversum.fi\/fi\/","name":"Iloversum","description":"Iloversum","potentialAction":[{"@type":"SearchAction","target":{"@type":"EntryPoint","urlTemplate":"https:\/\/www.iloversum.fi\/fi\/?s={search_term_string}"},"query-input":{"@type":"PropertyValueSpecification","valueRequired":true,"valueName":"search_term_string"}}],"inLanguage":"fi"}]}},"_links":{"self":[{"href":"https:\/\/www.iloversum.fi\/fi\/wp-json\/wp\/v2\/pages\/15332","targetHints":{"allow":["GET"]}}],"collection":[{"href":"https:\/\/www.iloversum.fi\/fi\/wp-json\/wp\/v2\/pages"}],"about":[{"href":"https:\/\/www.iloversum.fi\/fi\/wp-json\/wp\/v2\/types\/page"}],"author":[{"embeddable":true,"href":"https:\/\/www.iloversum.fi\/fi\/wp-json\/wp\/v2\/users\/1"}],"replies":[{"embeddable":true,"href":"https:\/\/www.iloversum.fi\/fi\/wp-json\/wp\/v2\/comments?post=15332"}],"version-history":[{"count":32,"href":"https:\/\/www.iloversum.fi\/fi\/wp-json\/wp\/v2\/pages\/15332\/revisions"}],"predecessor-version":[{"id":16192,"href":"https:\/\/www.iloversum.fi\/fi\/wp-json\/wp\/v2\/pages\/15332\/revisions\/16192"}],"wp:featuredmedia":[{"embeddable":true,"href":"https:\/\/www.iloversum.fi\/fi\/wp-json\/wp\/v2\/media\/16191"}],"wp:attachment":[{"href":"https:\/\/www.iloversum.fi\/fi\/wp-json\/wp\/v2\/media?parent=15332"}],"curies":[{"name":"wp","href":"https:\/\/api.w.org\/{rel}","templated":true}]}}