{"id":15799,"date":"2021-06-30T11:43:39","date_gmt":"2021-06-30T11:43:39","guid":{"rendered":"http:\/\/31.217.192.104\/~iloversu\/?page_id=15799"},"modified":"2026-01-19T09:05:45","modified_gmt":"2026-01-19T09:05:45","slug":"avaudu-rakastamaan-itseasi-ryhma","status":"publish","type":"page","link":"https:\/\/www.iloversum.fi\/fi\/avaudu-rakastamaan-itseasi-ryhma\/","title":{"rendered":"Avaudu rakastamaan itse\u00e4si -ryhm\u00e4"},"content":{"rendered":"<div class=\"wpb-content-wrapper\"><p>[vc_row content_placement=&#8221;middle&#8221; css=&#8221;.vc_custom_1625055577185{padding-top: 70px !important;padding-bottom: 0px !important;}&#8221;][vc_column width=&#8221;2\/3&#8243; css=&#8221;.vc_custom_1580733628712{padding-bottom: 30px !important;}&#8221;][vc_column_text css=&#8221;&#8221;]Kukapa meist\u00e4 ei olisi joskus valitellut huonoa itsetuntoa.<strong> Itsearvostuksemme ei kuitenkaan ole kiveen hakattu totuus.<\/strong> Kun ymm\u00e4rr\u00e4mme minuutemme tavan toimia, meid\u00e4n on my\u00f6s helpompi l\u00f6yt\u00e4\u00e4 tapoja arvostaa itse\u00e4mme.<\/p>\n<p>Avaudu rakastamaan itse\u00e4si -ryhm\u00e4 on tarkoitettu itse\u00e4\u00e4n ep\u00e4ileville, kritisoiville ja v\u00e4heksyville. Heille, jotka unohtavat itsens\u00e4 ja omat tarpeensa. Heille, jotka kokevat huonommuutta, syyllisyytt\u00e4 tai ahdistusta vertaillessaan itse\u00e4\u00e4n muihin tai vaatiessaan itselt\u00e4\u00e4n aina vain enemm\u00e4n. Heille, jotka haavoittuvuuden pelossaan turvautuvat imagoonsa tai piiloutuvat suojamuurinsa taakse. Heille, jotka yritt\u00e4v\u00e4t ansaita, saavuttaa tai l\u00f6yt\u00e4\u00e4 rakkauden.<\/p>\n<p>Voimakkaimmin kykyymme arvostaa itse\u00e4mme vaikuttaa itsemme rakastaminen. Itsens\u00e4 rakastamista ei tarvitse harjoitella tai oppia, sille tarvitsee vain avautua. Koska rakkaus on kaikkialla virtaava el\u00e4m\u00e4nvoima, voimme tuntea sen my\u00f6s itsess\u00e4mme.<\/p>\n<p>Avaudu rakastamaan itse\u00e4si -ryhm\u00e4ss\u00e4 <strong>tavoitteena on helpottaa kytkeytymist\u00e4mme ja vahvistaa yhteytt\u00e4mme rakkauteen, joka on aina meiss\u00e4.<\/strong><\/p>\n<p><a class=\"dt-pswp-item\" href=\"https:\/\/www.iloversum.fi\/wp-content\/uploads\/2023\/02\/23-02-ig-kuva-avaudu-rakastamaan-itseasi-png.png\" data-dt-img-description=\"\" data-large_image_width=\"1080\" data-large_image_height=\"1080\"><img loading=\"lazy\" decoding=\"async\" class=\"aligncenter wp-image-16441 size-full\" src=\"https:\/\/www.iloversum.fi\/wp-content\/uploads\/2023\/02\/23-02-ig-kuva-avaudu-rakastamaan-itseasi-png.png\" alt=\"\" width=\"1080\" height=\"1080\" srcset=\"https:\/\/www.iloversum.fi\/wp-content\/uploads\/2023\/02\/23-02-ig-kuva-avaudu-rakastamaan-itseasi-png.png 1080w, https:\/\/www.iloversum.fi\/wp-content\/uploads\/2023\/02\/23-02-ig-kuva-avaudu-rakastamaan-itseasi-png-300x300.png 300w, https:\/\/www.iloversum.fi\/wp-content\/uploads\/2023\/02\/23-02-ig-kuva-avaudu-rakastamaan-itseasi-png-1024x1024.png 1024w, https:\/\/www.iloversum.fi\/wp-content\/uploads\/2023\/02\/23-02-ig-kuva-avaudu-rakastamaan-itseasi-png-150x150.png 150w, https:\/\/www.iloversum.fi\/wp-content\/uploads\/2023\/02\/23-02-ig-kuva-avaudu-rakastamaan-itseasi-png-768x768.png 768w\" sizes=\"auto, (max-width: 1080px) 100vw, 1080px\" \/><\/a><\/p>\n<p><strong>Avaudu rakastamaan itse\u00e4si -ryhm\u00e4 on kaikille heille, jotka haluavat tuntea itsens\u00e4 rakkauden arvoisiksi. Ja jotka haluavat vahvistaa yhteytt\u00e4\u00e4n ydinminuuteensa ja harjoittaa rakkautta henkisen\u00e4 polkuna.<\/strong><\/p>\n<p>Ryhm\u00e4tapaamisten sis\u00e4lt\u00f6 pohjautuu enneagrammimalliin, joka avaa meille yhdeks\u00e4n erilaista rakkauden olemusta. Tarkoituksena on l\u00f6yt\u00e4\u00e4 rakkauden kaikki puolet itsest\u00e4mme ja itseemme kohdistettuina. Enneagrammituntemus ei kuitenkaan ole edellytyksen\u00e4 ryhm\u00e4\u00e4n osallistumiselle.<\/p>\n<p>Ryhm\u00e4n\u00e4 kokoonnumme 10 kertaa. Tapaamispaikkana on kotini <strong>Espoon Jupperissa, osoitteessa Pitk\u00e4j\u00e4rventie 60 C<\/strong>. Ryhm\u00e4iltojen kesto on<strong> klo 17.30-20.30<\/strong> ja tarjolla on teet\u00e4 ja pient\u00e4 purtavaa.<\/p>\n<p><strong>Tapaamisten aikataulu ja sis\u00e4lt\u00f6:\u00a0 \u00a0 \u00a0 \u00a0 \u00a0 \u00a0 \u00a0 \u00a0 \u00a0 \u00a0 \u00a0 \u00a0 \u00a0 \u00a0 \u00a0 \u00a0 \u00a0 \u00a0 \u00a0 \u00a0 \u00a0 \u00a0 \u00a0 \u00a0 \u00a0 \u00a0 \u00a0 \u00a0 \u00a0 \u00a0 \u00a0 \u00a0 \u00a0 \u00a0 \u00a0 \u00a0 \u00a0 \u00a0 \u00a0 \u00a0 \u00a0 \u00a0 \u00a0 \u00a0 \u00a0 \u00a0 <\/strong><\/p>\n<p>ma 16.2.2026 Miksi meid\u00e4n on niin vaikea rakastaa itse\u00e4mme?<\/p>\n<p>ma 16.3.2026 Mieli ja minuus &#8211; Miten erottaa toisistaan egomieli ja rakkaudellinen mieli?<\/p>\n<p>ma 13.4..2026\u00a0 Itsens\u00e4 arvostelemisesta itsens\u00e4 kokonaisvaltaiseen hyv\u00e4ksymiseen<\/p>\n<p>ma 11.5.2026. Jatkuvasta kiireest\u00e4 ja suorittamisesta rakkauden tekoihin<\/p>\n<p>ma 8.6.2026\u00a0 Itsekkyyden pelosta itsens\u00e4 pyyteett\u00f6m\u00e4\u00e4n rakastamiseen<\/p>\n<p>ma\u00a0 17.8. 2026\u00a0 Itsens\u00e4 unohtamisesta l\u00e4sn\u00e4olevaksi ja esiin tulevaksi<\/p>\n<p>ma 14.9.2026\u00a0 Rakkauden etsimisest\u00e4 kaikkalla olevan rakkauden tuntemiseen<\/p>\n<p>ma 12.10.2026 Erityisyyden tarpeesta sis\u00e4isen kauneutensa tunnistamiseen<\/p>\n<p>ma 9.11.2026 Ep\u00e4ilyn sijaan rakkauteen luottaminen<\/p>\n<p>ma 7.12.2026\u00a0 Haavoittuvuuden pelosta anteeksiantoon<\/p>\n<p>Olohuoneeseemme sek\u00e4 ryhm\u00e4\u00e4n mahtuu mukaan\u00a0<strong>8-10 henkil\u00f6\u00e4<\/strong>.<br \/>\n<strong>Ryhm\u00e4\u00e4n osallistumisen hinta on 390\u20ac<\/strong>\u00a0(sis. alv) kertasuorituksena ennen kokoontumistemme alkamista tai osamaksulla 45\u20ac kerran kuukaudessa (yht. 450\u20ac sis. alv).<\/p>\n<p><strong>Soittele ja kysy lis\u00e4\u00e4 tai varaa paikkasi ryhm\u00e4st\u00e4<\/strong>:\u00a0<a href=\"mailto:auli.malimaa@iloversum.fi\">auli.malimaa@iloversum.fi<\/a>\u00a0puh 0405056065.<\/p>\n<p>T\u00e4ss\u00e4 ryhm\u00e4ss\u00e4 yhdess\u00e4 samanhenkisten ihmisten kanssa p\u00e4\u00e4semme tutkimaan rakkauden olemusta ja suuruutta.<\/p>\n<p><strong>L\u00e4mpim\u00e4sti tervetuloa mukaan avautumaan rakkaudelle!<\/strong><\/p>\n<p><strong>Auli<\/strong>pyh\u00e4\u00e4n rakkauteen[\/vc_column_text][\/vc_column][\/vc_row][vc_row content_placement=&#8221;middle&#8221; css=&#8221;.vc_custom_1625055553367{padding-top: 20px !important;padding-bottom: 20px !important;}&#8221;][vc_column width=&#8221;1\/3&#8243;][\/vc_column][\/vc_row]<\/p>\n<\/div>","protected":false},"excerpt":{"rendered":"<p>[vc_row content_placement=&#8221;middle&#8221; css=&#8221;.vc_custom_1625055577185{padding-top: 70px !important;padding-bottom: 0px !important;}&#8221;][vc_column width=&#8221;2\/3&#8243; css=&#8221;.vc_custom_1580733628712{padding-bottom: 30px !important;}&#8221;][vc_column_text css=&#8221;&#8221;]Kukapa meist\u00e4 ei olisi joskus valitellut huonoa itsetuntoa. Itsearvostuksemme ei kuitenkaan ole kiveen hakattu totuus. Kun ymm\u00e4rr\u00e4mme minuutemme tavan toimia, meid\u00e4n on my\u00f6s helpompi l\u00f6yt\u00e4\u00e4 tapoja arvostaa itse\u00e4mme. Avaudu rakastamaan itse\u00e4si -ryhm\u00e4 on tarkoitettu itse\u00e4\u00e4n ep\u00e4ileville, kritisoiville ja v\u00e4heksyville. Heille, jotka unohtavat itsens\u00e4 ja&hellip;<\/p>\n","protected":false},"author":1,"featured_media":0,"parent":0,"menu_order":0,"comment_status":"closed","ping_status":"closed","template":"","meta":{"footnotes":""},"class_list":["post-15799","page","type-page","status-publish","hentry","description-off"],"yoast_head":"<!-- This site is optimized with the Yoast SEO plugin v27.4 - https:\/\/yoast.com\/product\/yoast-seo-wordpress\/ -->\n<title>Avaudu rakastamaan itse\u00e4si -ryhm\u00e4 - Iloversum<\/title>\n<meta name=\"description\" content=\"T\u00e4m\u00e4 ryhm\u00e4 on kaikille, jotka haluavat tuntea itsens\u00e4 rakkauden arvoisiksi ja vahvistaa itsens\u00e4 rakastamista.\" \/>\n<meta name=\"robots\" content=\"index, follow, max-snippet:-1, max-image-preview:large, max-video-preview:-1\" \/>\n<link rel=\"canonical\" href=\"https:\/\/www.iloversum.fi\/fi\/avaudu-rakastamaan-itseasi-ryhma\/\" \/>\n<meta property=\"og:locale\" content=\"fi_FI\" \/>\n<meta property=\"og:type\" content=\"article\" \/>\n<meta property=\"og:title\" content=\"Avaudu rakastamaan itse\u00e4si -ryhm\u00e4 - Iloversum\" \/>\n<meta property=\"og:description\" content=\"T\u00e4m\u00e4 ryhm\u00e4 on kaikille, jotka haluavat tuntea itsens\u00e4 rakkauden arvoisiksi ja vahvistaa itsens\u00e4 rakastamista.\" \/>\n<meta property=\"og:url\" content=\"https:\/\/www.iloversum.fi\/fi\/avaudu-rakastamaan-itseasi-ryhma\/\" \/>\n<meta property=\"og:site_name\" content=\"Iloversum\" \/>\n<meta property=\"article:modified_time\" content=\"2026-01-19T09:05:45+00:00\" \/>\n<meta property=\"og:image\" content=\"https:\/\/www.iloversum.fi\/wp-content\/uploads\/2023\/02\/23-02-ig-kuva-avaudu-rakastamaan-itseasi-png.png\" \/>\n\t<meta property=\"og:image:width\" content=\"1080\" \/>\n\t<meta property=\"og:image:height\" content=\"1080\" \/>\n\t<meta property=\"og:image:type\" content=\"image\/png\" \/>\n<meta name=\"twitter:card\" content=\"summary_large_image\" \/>\n<meta name=\"twitter:label1\" content=\"Arvioitu lukuaika\" \/>\n\t<meta name=\"twitter:data1\" content=\"3 minuuttia\" \/>\n<script type=\"application\/ld+json\" class=\"yoast-schema-graph\">{\"@context\":\"https:\\\/\\\/schema.org\",\"@graph\":[{\"@type\":\"WebPage\",\"@id\":\"https:\\\/\\\/www.iloversum.fi\\\/fi\\\/avaudu-rakastamaan-itseasi-ryhma\\\/\",\"url\":\"https:\\\/\\\/www.iloversum.fi\\\/fi\\\/avaudu-rakastamaan-itseasi-ryhma\\\/\",\"name\":\"Avaudu rakastamaan itse\u00e4si -ryhm\u00e4 - Iloversum\",\"isPartOf\":{\"@id\":\"https:\\\/\\\/www.iloversum.fi\\\/fi\\\/#website\"},\"primaryImageOfPage\":{\"@id\":\"https:\\\/\\\/www.iloversum.fi\\\/fi\\\/avaudu-rakastamaan-itseasi-ryhma\\\/#primaryimage\"},\"image\":{\"@id\":\"https:\\\/\\\/www.iloversum.fi\\\/fi\\\/avaudu-rakastamaan-itseasi-ryhma\\\/#primaryimage\"},\"thumbnailUrl\":\"https:\\\/\\\/www.iloversum.fi\\\/wp-content\\\/uploads\\\/2023\\\/02\\\/23-02-ig-kuva-avaudu-rakastamaan-itseasi-png.png\",\"datePublished\":\"2021-06-30T11:43:39+00:00\",\"dateModified\":\"2026-01-19T09:05:45+00:00\",\"description\":\"T\u00e4m\u00e4 ryhm\u00e4 on kaikille, jotka haluavat tuntea itsens\u00e4 rakkauden arvoisiksi ja vahvistaa itsens\u00e4 rakastamista.\",\"breadcrumb\":{\"@id\":\"https:\\\/\\\/www.iloversum.fi\\\/fi\\\/avaudu-rakastamaan-itseasi-ryhma\\\/#breadcrumb\"},\"inLanguage\":\"fi\",\"potentialAction\":[{\"@type\":\"ReadAction\",\"target\":[\"https:\\\/\\\/www.iloversum.fi\\\/fi\\\/avaudu-rakastamaan-itseasi-ryhma\\\/\"]}]},{\"@type\":\"ImageObject\",\"inLanguage\":\"fi\",\"@id\":\"https:\\\/\\\/www.iloversum.fi\\\/fi\\\/avaudu-rakastamaan-itseasi-ryhma\\\/#primaryimage\",\"url\":\"https:\\\/\\\/www.iloversum.fi\\\/wp-content\\\/uploads\\\/2023\\\/02\\\/23-02-ig-kuva-avaudu-rakastamaan-itseasi-png.png\",\"contentUrl\":\"https:\\\/\\\/www.iloversum.fi\\\/wp-content\\\/uploads\\\/2023\\\/02\\\/23-02-ig-kuva-avaudu-rakastamaan-itseasi-png.png\"},{\"@type\":\"BreadcrumbList\",\"@id\":\"https:\\\/\\\/www.iloversum.fi\\\/fi\\\/avaudu-rakastamaan-itseasi-ryhma\\\/#breadcrumb\",\"itemListElement\":[{\"@type\":\"ListItem\",\"position\":1,\"name\":\"Etusivu\",\"item\":\"https:\\\/\\\/www.iloversum.fi\\\/fi\\\/\"},{\"@type\":\"ListItem\",\"position\":2,\"name\":\"Avaudu rakastamaan itse\u00e4si -ryhm\u00e4\"}]},{\"@type\":\"WebSite\",\"@id\":\"https:\\\/\\\/www.iloversum.fi\\\/fi\\\/#website\",\"url\":\"https:\\\/\\\/www.iloversum.fi\\\/fi\\\/\",\"name\":\"Iloversum\",\"description\":\"Iloversum\",\"potentialAction\":[{\"@type\":\"SearchAction\",\"target\":{\"@type\":\"EntryPoint\",\"urlTemplate\":\"https:\\\/\\\/www.iloversum.fi\\\/fi\\\/?s={search_term_string}\"},\"query-input\":{\"@type\":\"PropertyValueSpecification\",\"valueRequired\":true,\"valueName\":\"search_term_string\"}}],\"inLanguage\":\"fi\"}]}<\/script>\n<!-- \/ Yoast SEO plugin. -->","yoast_head_json":{"title":"Avaudu rakastamaan itse\u00e4si -ryhm\u00e4 - Iloversum","description":"T\u00e4m\u00e4 ryhm\u00e4 on kaikille, jotka haluavat tuntea itsens\u00e4 rakkauden arvoisiksi ja vahvistaa itsens\u00e4 rakastamista.","robots":{"index":"index","follow":"follow","max-snippet":"max-snippet:-1","max-image-preview":"max-image-preview:large","max-video-preview":"max-video-preview:-1"},"canonical":"https:\/\/www.iloversum.fi\/fi\/avaudu-rakastamaan-itseasi-ryhma\/","og_locale":"fi_FI","og_type":"article","og_title":"Avaudu rakastamaan itse\u00e4si -ryhm\u00e4 - Iloversum","og_description":"T\u00e4m\u00e4 ryhm\u00e4 on kaikille, jotka haluavat tuntea itsens\u00e4 rakkauden arvoisiksi ja vahvistaa itsens\u00e4 rakastamista.","og_url":"https:\/\/www.iloversum.fi\/fi\/avaudu-rakastamaan-itseasi-ryhma\/","og_site_name":"Iloversum","article_modified_time":"2026-01-19T09:05:45+00:00","og_image":[{"width":1080,"height":1080,"url":"https:\/\/www.iloversum.fi\/wp-content\/uploads\/2023\/02\/23-02-ig-kuva-avaudu-rakastamaan-itseasi-png.png","type":"image\/png"}],"twitter_card":"summary_large_image","twitter_misc":{"Arvioitu lukuaika":"3 minuuttia"},"schema":{"@context":"https:\/\/schema.org","@graph":[{"@type":"WebPage","@id":"https:\/\/www.iloversum.fi\/fi\/avaudu-rakastamaan-itseasi-ryhma\/","url":"https:\/\/www.iloversum.fi\/fi\/avaudu-rakastamaan-itseasi-ryhma\/","name":"Avaudu rakastamaan itse\u00e4si -ryhm\u00e4 - Iloversum","isPartOf":{"@id":"https:\/\/www.iloversum.fi\/fi\/#website"},"primaryImageOfPage":{"@id":"https:\/\/www.iloversum.fi\/fi\/avaudu-rakastamaan-itseasi-ryhma\/#primaryimage"},"image":{"@id":"https:\/\/www.iloversum.fi\/fi\/avaudu-rakastamaan-itseasi-ryhma\/#primaryimage"},"thumbnailUrl":"https:\/\/www.iloversum.fi\/wp-content\/uploads\/2023\/02\/23-02-ig-kuva-avaudu-rakastamaan-itseasi-png.png","datePublished":"2021-06-30T11:43:39+00:00","dateModified":"2026-01-19T09:05:45+00:00","description":"T\u00e4m\u00e4 ryhm\u00e4 on kaikille, jotka haluavat tuntea itsens\u00e4 rakkauden arvoisiksi ja vahvistaa itsens\u00e4 rakastamista.","breadcrumb":{"@id":"https:\/\/www.iloversum.fi\/fi\/avaudu-rakastamaan-itseasi-ryhma\/#breadcrumb"},"inLanguage":"fi","potentialAction":[{"@type":"ReadAction","target":["https:\/\/www.iloversum.fi\/fi\/avaudu-rakastamaan-itseasi-ryhma\/"]}]},{"@type":"ImageObject","inLanguage":"fi","@id":"https:\/\/www.iloversum.fi\/fi\/avaudu-rakastamaan-itseasi-ryhma\/#primaryimage","url":"https:\/\/www.iloversum.fi\/wp-content\/uploads\/2023\/02\/23-02-ig-kuva-avaudu-rakastamaan-itseasi-png.png","contentUrl":"https:\/\/www.iloversum.fi\/wp-content\/uploads\/2023\/02\/23-02-ig-kuva-avaudu-rakastamaan-itseasi-png.png"},{"@type":"BreadcrumbList","@id":"https:\/\/www.iloversum.fi\/fi\/avaudu-rakastamaan-itseasi-ryhma\/#breadcrumb","itemListElement":[{"@type":"ListItem","position":1,"name":"Etusivu","item":"https:\/\/www.iloversum.fi\/fi\/"},{"@type":"ListItem","position":2,"name":"Avaudu rakastamaan itse\u00e4si -ryhm\u00e4"}]},{"@type":"WebSite","@id":"https:\/\/www.iloversum.fi\/fi\/#website","url":"https:\/\/www.iloversum.fi\/fi\/","name":"Iloversum","description":"Iloversum","potentialAction":[{"@type":"SearchAction","target":{"@type":"EntryPoint","urlTemplate":"https:\/\/www.iloversum.fi\/fi\/?s={search_term_string}"},"query-input":{"@type":"PropertyValueSpecification","valueRequired":true,"valueName":"search_term_string"}}],"inLanguage":"fi"}]}},"_links":{"self":[{"href":"https:\/\/www.iloversum.fi\/fi\/wp-json\/wp\/v2\/pages\/15799","targetHints":{"allow":["GET"]}}],"collection":[{"href":"https:\/\/www.iloversum.fi\/fi\/wp-json\/wp\/v2\/pages"}],"about":[{"href":"https:\/\/www.iloversum.fi\/fi\/wp-json\/wp\/v2\/types\/page"}],"author":[{"embeddable":true,"href":"https:\/\/www.iloversum.fi\/fi\/wp-json\/wp\/v2\/users\/1"}],"replies":[{"embeddable":true,"href":"https:\/\/www.iloversum.fi\/fi\/wp-json\/wp\/v2\/comments?post=15799"}],"version-history":[{"count":37,"href":"https:\/\/www.iloversum.fi\/fi\/wp-json\/wp\/v2\/pages\/15799\/revisions"}],"predecessor-version":[{"id":16507,"href":"https:\/\/www.iloversum.fi\/fi\/wp-json\/wp\/v2\/pages\/15799\/revisions\/16507"}],"wp:attachment":[{"href":"https:\/\/www.iloversum.fi\/fi\/wp-json\/wp\/v2\/media?parent=15799"}],"curies":[{"name":"wp","href":"https:\/\/api.w.org\/{rel}","templated":true}]}}