{"id":16044,"date":"2021-08-02T12:54:41","date_gmt":"2021-08-02T12:54:41","guid":{"rendered":"http:\/\/31.217.192.104\/~iloversu\/?page_id=16044"},"modified":"2021-09-02T07:06:56","modified_gmt":"2021-09-02T07:06:56","slug":"ilon-ja-onnellisuuden-kuntosalin-esittely","status":"publish","type":"page","link":"https:\/\/www.iloversum.fi\/fi\/ilon-ja-onnellisuuden-kuntosali\/ilon-ja-onnellisuuden-kuntosalin-esittely\/","title":{"rendered":"Miksi onnellisuuden harjoittaminen kannattaa?"},"content":{"rendered":"<div class=\"wpb-content-wrapper\"><p>[vc_row bg_type=&#8221;bg_color&#8221; bg_override=&#8221;ex-full&#8221; bg_color_value=&#8221;#e1edef&#8221;][vc_column][vc_single_image image=&#8221;16111&#8243; img_size=&#8221;full&#8221; alignment=&#8221;center&#8221;][\/vc_column][\/vc_row][vc_row bg_type=&#8221;bg_color&#8221; bg_override=&#8221;ex-full&#8221; bg_color_value=&#8221;#ffffff&#8221; css=&#8221;.vc_custom_1625052187600{margin-top: 40px !important;margin-bottom: 70px !important;}&#8221;][vc_column width=&#8221;1\/6&#8243;][\/vc_column][vc_column width=&#8221;2\/3&#8243;]<div id=\"ultimate-heading-863469f5624b107ea\" class=\"uvc-heading ult-adjust-bottom-margin ultimate-heading-863469f5624b107ea uvc-251 \" data-hspacer=\"no_spacer\"  data-halign=\"center\" style=\"text-align:center\"><div class=\"uvc-heading-spacer no_spacer\" style=\"top\"><\/div><div class=\"uvc-main-heading ult-responsive\"  data-ultimate-target='.uvc-heading.ultimate-heading-863469f5624b107ea h1'  data-responsive-json-new='{\"font-size\":\"desktop:34px;\",\"line-height\":\"desktop:44px;\"}' ><h1 style=\"--font-weight:theme;color:#333333;margin-top:40px;margin-bottom:40px;\">Miksi onnellisuuden harjoittaminen kannattaa?<\/h1><\/div><\/div>[vc_column_text]<\/p>\n<ul>\n<li>Opit hallitsemaan mielt\u00e4si sen sijaan, ett\u00e4 mielesi hallitsisi sinua.<\/li>\n<li>Opit suhtautumaan tasapainoisemmin haasteisiin ja helpottamaan stressi\u00e4si.<\/li>\n<li>Annat aivoillesi mahdollisuuden toimia vaivattomasti ja tuloksekkaasti.<\/li>\n<li>L\u00f6yd\u00e4t uusia tapoja ravita ihmissuhteitasi ja saada ne kukoistamaan.<\/li>\n<li>Opit kuuntelemaan ja arvostamaan itse\u00e4si.<\/li>\n<li>Huomaat enemm\u00e4n mahdollisuuksia iloon.<\/li>\n<li>Vahvistat luottamustasi tulevaan.<\/li>\n<li>Tunnet enemm\u00e4n kiitollisuutta ja my\u00f6nteisyytt\u00e4.<\/li>\n<li>Olet onnellisempi.<\/li>\n<\/ul>\n<section><\/section>\n<section>Sen lis\u00e4ksi, ett\u00e4 el\u00e4m\u00e4 onnellisena on kaikin puolin mukavampaa, tutkimusten mukaan onnelliset ihmiset ovat terveempi\u00e4, aktiivisempia, tuotteliaampia, luovempia ja menestyneempi\u00e4. He ovat puoleensavet\u00e4v\u00e4mpi\u00e4 ja heill\u00e4 on enemm\u00e4n ja parempia ihmissuhteita. He jopa el\u00e4v\u00e4t pitemp\u00e4\u00e4n kuin v\u00e4hemm\u00e4n onnelliset ihmiset. (Sonja Lyubomirsky: Kuinka onnelliseksi, 2007)<\/section>\n<section><\/section>\n<section><\/section>\n<p>[\/vc_column_text][vc_row_inner][vc_column_inner][vc_empty_space height=&#8221;40px&#8221;][\/vc_column_inner][\/vc_row_inner][vc_row_inner][vc_column_inner width=&#8221;1\/2&#8243;]<div class=\" vc_custom_1630566371326 ubtn-ctn-left \"><a class=\"ubtn-link ult-adjust-bottom-margin ubtn-left ubtn-custom \" href=\"https:\/\/www.iloversum.fi\/fi\/ilon-ja-onnellisuuden-kuntosali\/miksi-onnellisuusharjoitteet-toimivat\/\" title=\"Miksi onnellisuusharjoitteet toimivat?\" ><button type=\"button\" id=\"ubtn-8378\"  class=\"ubtn ult-adjust-bottom-margin ult-responsive ubtn-custom ubtn-no-hover-bg  none  ubtn-left   tooltip-69f5624b10859\"  data-hover=\"\" data-border-color=\"\" data-bg=\"#d63738\" data-hover-bg=\"\" data-border-hover=\"\" data-shadow-hover=\"\" data-shadow-click=\"none\" data-shadow=\"\" data-shd-shadow=\"\"  data-ultimate-target='#ubtn-8378'  data-responsive-json-new='{\"font-size\":\"desktop:18px;\",\"line-height\":\"desktop:24px;\"}'  style=\"font-weight:normal;width:300px;min-height:80px;padding:15px 15px;border:none;background: #d63738;color: #ffffff;\"><span class=\"ubtn-hover\" style=\"background-color:\"><\/span><span class=\"ubtn-data ubtn-text \" >Miksi onnellisuusharjoitteet toimivat?<\/span><\/button><\/a><\/div>[\/vc_column_inner][vc_column_inner width=&#8221;1\/2&#8243;][\/vc_column_inner][\/vc_row_inner][vc_row_inner][vc_column_inner width=&#8221;1\/2&#8243;]<div class=\" vc_custom_1630566393429 ubtn-ctn-left \"><a class=\"ubtn-link ult-adjust-bottom-margin ubtn-left ubtn-custom \" href=\"https:\/\/www.iloversum.fi\/fi\/ilon-ja-onnellisuuden-kuntosali\/miten-onnellisuusharjoitteita-kannattaa-tehda\/\" ><button type=\"button\" id=\"ubtn-2577\"  class=\"ubtn ult-adjust-bottom-margin ult-responsive ubtn-custom ubtn-no-hover-bg  none  ubtn-left   tooltip-69f5624b108c7\"  data-hover=\"\" data-border-color=\"\" data-bg=\"#d63738\" data-hover-bg=\"\" data-border-hover=\"\" data-shadow-hover=\"\" data-shadow-click=\"none\" data-shadow=\"\" data-shd-shadow=\"\"  data-ultimate-target='#ubtn-2577'  data-responsive-json-new='{\"font-size\":\"desktop:18px;\",\"line-height\":\"desktop:24px;\"}'  style=\"font-weight:normal;width:300px;min-height:80px;padding:15px 15px;border:none;background: #d63738;color: #ffffff;\"><span class=\"ubtn-hover\" style=\"background-color:\"><\/span><span class=\"ubtn-data ubtn-text \" >Miten onnellisuusharjoitteita kannattaa tehd\u00e4?<\/span><\/button><\/a><\/div>[\/vc_column_inner][vc_column_inner width=&#8221;1\/2&#8243;][\/vc_column_inner][\/vc_row_inner][vc_row_inner][vc_column_inner width=&#8221;1\/2&#8243;]<div class=\" vc_custom_1630566412727 ubtn-ctn-left \"><a class=\"ubtn-link ult-adjust-bottom-margin ubtn-left ubtn-custom \" href=\"https:\/\/www.iloversum.fi\/fi\/ilon-ja-onnellisuuden-kuntosali\/\" title=\"Ilon ja onnellisuuden kuntosali\" ><button type=\"button\" id=\"ubtn-1745\"  class=\"ubtn ult-adjust-bottom-margin ult-responsive ubtn-custom ubtn-no-hover-bg  none  ubtn-left   tooltip-69f5624b10901\"  data-hover=\"\" data-border-color=\"\" data-bg=\"#d63738\" data-hover-bg=\"\" data-border-hover=\"\" data-shadow-hover=\"\" data-shadow-click=\"none\" data-shadow=\"\" data-shd-shadow=\"\"  data-ultimate-target='#ubtn-1745'  data-responsive-json-new='{\"font-size\":\"desktop:18px;\",\"line-height\":\"desktop:24px;\"}'  style=\"font-weight:normal;width:300px;min-height:80px;padding:15px 15px;border:none;background: #d63738;color: #ffffff;\"><span class=\"ubtn-hover\" style=\"background-color:\"><\/span><span class=\"ubtn-data ubtn-text \" >Siirry onnellisuusharjoitteisiin<\/span><\/button><\/a><\/div>[\/vc_column_inner][vc_column_inner width=&#8221;1\/2&#8243;][\/vc_column_inner][\/vc_row_inner][\/vc_column][vc_column width=&#8221;1\/6&#8243;][\/vc_column][\/vc_row]<\/p>\n<\/div>","protected":false},"excerpt":{"rendered":"<p>[vc_row bg_type=&#8221;bg_color&#8221; bg_override=&#8221;ex-full&#8221; bg_color_value=&#8221;#e1edef&#8221;][vc_column][vc_single_image image=&#8221;16111&#8243; img_size=&#8221;full&#8221; alignment=&#8221;center&#8221;][\/vc_column][\/vc_row][vc_row bg_type=&#8221;bg_color&#8221; bg_override=&#8221;ex-full&#8221; bg_color_value=&#8221;#ffffff&#8221; css=&#8221;.vc_custom_1625052187600{margin-top: 40px !important;margin-bottom: 70px !important;}&#8221;][vc_column width=&#8221;1\/6&#8243;][\/vc_column][vc_column width=&#8221;2\/3&#8243;][vc_column_text] Opit hallitsemaan mielt\u00e4si sen sijaan, ett\u00e4 mielesi hallitsisi sinua. Opit suhtautumaan tasapainoisemmin haasteisiin ja helpottamaan stressi\u00e4si. Annat aivoillesi mahdollisuuden toimia vaivattomasti ja tuloksekkaasti. L\u00f6yd\u00e4t uusia tapoja ravita ihmissuhteitasi ja saada ne kukoistamaan. Opit kuuntelemaan ja arvostamaan itse\u00e4si. Huomaat&hellip;<\/p>\n","protected":false},"author":1,"featured_media":16111,"parent":15819,"menu_order":0,"comment_status":"closed","ping_status":"closed","template":"","meta":{"footnotes":""},"class_list":["post-16044","page","type-page","status-publish","has-post-thumbnail","hentry","description-off"],"yoast_head":"<!-- This site is optimized with the Yoast SEO plugin v27.5 - https:\/\/yoast.com\/product\/yoast-seo-wordpress\/ -->\n<title>Miksi onnellisuuden harjoittaminen kannattaa? - Iloversum<\/title>\n<meta name=\"robots\" content=\"index, follow, max-snippet:-1, max-image-preview:large, max-video-preview:-1\" \/>\n<link rel=\"canonical\" href=\"https:\/\/www.iloversum.fi\/fi\/ilon-ja-onnellisuuden-kuntosali\/ilon-ja-onnellisuuden-kuntosalin-esittely\/\" \/>\n<meta property=\"og:locale\" content=\"fi_FI\" \/>\n<meta property=\"og:type\" content=\"article\" \/>\n<meta property=\"og:title\" content=\"Miksi onnellisuuden harjoittaminen kannattaa? - Iloversum\" \/>\n<meta property=\"og:description\" content=\"[vc_row bg_type=&#8221;bg_color&#8221; bg_override=&#8221;ex-full&#8221; bg_color_value=&#8221;#e1edef&#8221;][vc_column][vc_single_image image=&#8221;16111&#8243; img_size=&#8221;full&#8221; alignment=&#8221;center&#8221;][\/vc_column][\/vc_row][vc_row bg_type=&#8221;bg_color&#8221; bg_override=&#8221;ex-full&#8221; bg_color_value=&#8221;#ffffff&#8221; css=&#8221;.vc_custom_1625052187600{margin-top: 40px !important;margin-bottom: 70px !important;}&#8221;][vc_column width=&#8221;1\/6&#8243;][\/vc_column][vc_column width=&#8221;2\/3&#8243;][vc_column_text] Opit hallitsemaan mielt\u00e4si sen sijaan, ett\u00e4 mielesi hallitsisi sinua. Opit suhtautumaan tasapainoisemmin haasteisiin ja helpottamaan stressi\u00e4si. Annat aivoillesi mahdollisuuden toimia vaivattomasti ja tuloksekkaasti. L\u00f6yd\u00e4t uusia tapoja ravita ihmissuhteitasi ja saada ne kukoistamaan. Opit kuuntelemaan ja arvostamaan itse\u00e4si. Huomaat&hellip;\" \/>\n<meta property=\"og:url\" content=\"https:\/\/www.iloversum.fi\/fi\/ilon-ja-onnellisuuden-kuntosali\/ilon-ja-onnellisuuden-kuntosalin-esittely\/\" \/>\n<meta property=\"og:site_name\" content=\"Iloversum\" \/>\n<meta property=\"article:modified_time\" content=\"2021-09-02T07:06:56+00:00\" \/>\n<meta property=\"og:image\" content=\"https:\/\/www.iloversum.fi\/wp-content\/uploads\/2021\/08\/ilonjaonnellisuudenkuntosali.jpg\" \/>\n\t<meta property=\"og:image:width\" content=\"1400\" \/>\n\t<meta property=\"og:image:height\" content=\"444\" \/>\n\t<meta property=\"og:image:type\" content=\"image\/jpeg\" \/>\n<meta name=\"twitter:card\" content=\"summary_large_image\" \/>\n<meta name=\"twitter:label1\" content=\"Arvioitu lukuaika\" \/>\n\t<meta name=\"twitter:data1\" content=\"1 minuutti\" \/>\n<script type=\"application\/ld+json\" class=\"yoast-schema-graph\">{\"@context\":\"https:\\\/\\\/schema.org\",\"@graph\":[{\"@type\":\"WebPage\",\"@id\":\"https:\\\/\\\/www.iloversum.fi\\\/fi\\\/ilon-ja-onnellisuuden-kuntosali\\\/ilon-ja-onnellisuuden-kuntosalin-esittely\\\/\",\"url\":\"https:\\\/\\\/www.iloversum.fi\\\/fi\\\/ilon-ja-onnellisuuden-kuntosali\\\/ilon-ja-onnellisuuden-kuntosalin-esittely\\\/\",\"name\":\"Miksi onnellisuuden harjoittaminen kannattaa? - Iloversum\",\"isPartOf\":{\"@id\":\"https:\\\/\\\/www.iloversum.fi\\\/fi\\\/#website\"},\"primaryImageOfPage\":{\"@id\":\"https:\\\/\\\/www.iloversum.fi\\\/fi\\\/ilon-ja-onnellisuuden-kuntosali\\\/ilon-ja-onnellisuuden-kuntosalin-esittely\\\/#primaryimage\"},\"image\":{\"@id\":\"https:\\\/\\\/www.iloversum.fi\\\/fi\\\/ilon-ja-onnellisuuden-kuntosali\\\/ilon-ja-onnellisuuden-kuntosalin-esittely\\\/#primaryimage\"},\"thumbnailUrl\":\"https:\\\/\\\/www.iloversum.fi\\\/wp-content\\\/uploads\\\/2021\\\/08\\\/ilonjaonnellisuudenkuntosali.jpg\",\"datePublished\":\"2021-08-02T12:54:41+00:00\",\"dateModified\":\"2021-09-02T07:06:56+00:00\",\"breadcrumb\":{\"@id\":\"https:\\\/\\\/www.iloversum.fi\\\/fi\\\/ilon-ja-onnellisuuden-kuntosali\\\/ilon-ja-onnellisuuden-kuntosalin-esittely\\\/#breadcrumb\"},\"inLanguage\":\"fi\",\"potentialAction\":[{\"@type\":\"ReadAction\",\"target\":[\"https:\\\/\\\/www.iloversum.fi\\\/fi\\\/ilon-ja-onnellisuuden-kuntosali\\\/ilon-ja-onnellisuuden-kuntosalin-esittely\\\/\"]}]},{\"@type\":\"ImageObject\",\"inLanguage\":\"fi\",\"@id\":\"https:\\\/\\\/www.iloversum.fi\\\/fi\\\/ilon-ja-onnellisuuden-kuntosali\\\/ilon-ja-onnellisuuden-kuntosalin-esittely\\\/#primaryimage\",\"url\":\"https:\\\/\\\/www.iloversum.fi\\\/wp-content\\\/uploads\\\/2021\\\/08\\\/ilonjaonnellisuudenkuntosali.jpg\",\"contentUrl\":\"https:\\\/\\\/www.iloversum.fi\\\/wp-content\\\/uploads\\\/2021\\\/08\\\/ilonjaonnellisuudenkuntosali.jpg\",\"width\":1400,\"height\":444,\"caption\":\"Onnellnen nainen lep\u00e4\u00e4 nurmikolla aamuauringon paistaessa\"},{\"@type\":\"BreadcrumbList\",\"@id\":\"https:\\\/\\\/www.iloversum.fi\\\/fi\\\/ilon-ja-onnellisuuden-kuntosali\\\/ilon-ja-onnellisuuden-kuntosalin-esittely\\\/#breadcrumb\",\"itemListElement\":[{\"@type\":\"ListItem\",\"position\":1,\"name\":\"Etusivu\",\"item\":\"https:\\\/\\\/www.iloversum.fi\\\/fi\\\/\"},{\"@type\":\"ListItem\",\"position\":2,\"name\":\"Ilon ja onnellisuuden kuntosali\",\"item\":\"https:\\\/\\\/www.iloversum.fi\\\/fi\\\/ilon-ja-onnellisuuden-kuntosali\\\/\"},{\"@type\":\"ListItem\",\"position\":3,\"name\":\"Miksi onnellisuuden harjoittaminen kannattaa?\"}]},{\"@type\":\"WebSite\",\"@id\":\"https:\\\/\\\/www.iloversum.fi\\\/fi\\\/#website\",\"url\":\"https:\\\/\\\/www.iloversum.fi\\\/fi\\\/\",\"name\":\"Iloversum\",\"description\":\"Iloversum\",\"potentialAction\":[{\"@type\":\"SearchAction\",\"target\":{\"@type\":\"EntryPoint\",\"urlTemplate\":\"https:\\\/\\\/www.iloversum.fi\\\/fi\\\/?s={search_term_string}\"},\"query-input\":{\"@type\":\"PropertyValueSpecification\",\"valueRequired\":true,\"valueName\":\"search_term_string\"}}],\"inLanguage\":\"fi\"}]}<\/script>\n<!-- \/ Yoast SEO plugin. -->","yoast_head_json":{"title":"Miksi onnellisuuden harjoittaminen kannattaa? - Iloversum","robots":{"index":"index","follow":"follow","max-snippet":"max-snippet:-1","max-image-preview":"max-image-preview:large","max-video-preview":"max-video-preview:-1"},"canonical":"https:\/\/www.iloversum.fi\/fi\/ilon-ja-onnellisuuden-kuntosali\/ilon-ja-onnellisuuden-kuntosalin-esittely\/","og_locale":"fi_FI","og_type":"article","og_title":"Miksi onnellisuuden harjoittaminen kannattaa? - Iloversum","og_description":"[vc_row bg_type=&#8221;bg_color&#8221; bg_override=&#8221;ex-full&#8221; bg_color_value=&#8221;#e1edef&#8221;][vc_column][vc_single_image image=&#8221;16111&#8243; img_size=&#8221;full&#8221; alignment=&#8221;center&#8221;][\/vc_column][\/vc_row][vc_row bg_type=&#8221;bg_color&#8221; bg_override=&#8221;ex-full&#8221; bg_color_value=&#8221;#ffffff&#8221; css=&#8221;.vc_custom_1625052187600{margin-top: 40px !important;margin-bottom: 70px !important;}&#8221;][vc_column width=&#8221;1\/6&#8243;][\/vc_column][vc_column width=&#8221;2\/3&#8243;][vc_column_text] Opit hallitsemaan mielt\u00e4si sen sijaan, ett\u00e4 mielesi hallitsisi sinua. Opit suhtautumaan tasapainoisemmin haasteisiin ja helpottamaan stressi\u00e4si. Annat aivoillesi mahdollisuuden toimia vaivattomasti ja tuloksekkaasti. L\u00f6yd\u00e4t uusia tapoja ravita ihmissuhteitasi ja saada ne kukoistamaan. Opit kuuntelemaan ja arvostamaan itse\u00e4si. Huomaat&hellip;","og_url":"https:\/\/www.iloversum.fi\/fi\/ilon-ja-onnellisuuden-kuntosali\/ilon-ja-onnellisuuden-kuntosalin-esittely\/","og_site_name":"Iloversum","article_modified_time":"2021-09-02T07:06:56+00:00","og_image":[{"width":1400,"height":444,"url":"https:\/\/www.iloversum.fi\/wp-content\/uploads\/2021\/08\/ilonjaonnellisuudenkuntosali.jpg","type":"image\/jpeg"}],"twitter_card":"summary_large_image","twitter_misc":{"Arvioitu lukuaika":"1 minuutti"},"schema":{"@context":"https:\/\/schema.org","@graph":[{"@type":"WebPage","@id":"https:\/\/www.iloversum.fi\/fi\/ilon-ja-onnellisuuden-kuntosali\/ilon-ja-onnellisuuden-kuntosalin-esittely\/","url":"https:\/\/www.iloversum.fi\/fi\/ilon-ja-onnellisuuden-kuntosali\/ilon-ja-onnellisuuden-kuntosalin-esittely\/","name":"Miksi onnellisuuden harjoittaminen kannattaa? - Iloversum","isPartOf":{"@id":"https:\/\/www.iloversum.fi\/fi\/#website"},"primaryImageOfPage":{"@id":"https:\/\/www.iloversum.fi\/fi\/ilon-ja-onnellisuuden-kuntosali\/ilon-ja-onnellisuuden-kuntosalin-esittely\/#primaryimage"},"image":{"@id":"https:\/\/www.iloversum.fi\/fi\/ilon-ja-onnellisuuden-kuntosali\/ilon-ja-onnellisuuden-kuntosalin-esittely\/#primaryimage"},"thumbnailUrl":"https:\/\/www.iloversum.fi\/wp-content\/uploads\/2021\/08\/ilonjaonnellisuudenkuntosali.jpg","datePublished":"2021-08-02T12:54:41+00:00","dateModified":"2021-09-02T07:06:56+00:00","breadcrumb":{"@id":"https:\/\/www.iloversum.fi\/fi\/ilon-ja-onnellisuuden-kuntosali\/ilon-ja-onnellisuuden-kuntosalin-esittely\/#breadcrumb"},"inLanguage":"fi","potentialAction":[{"@type":"ReadAction","target":["https:\/\/www.iloversum.fi\/fi\/ilon-ja-onnellisuuden-kuntosali\/ilon-ja-onnellisuuden-kuntosalin-esittely\/"]}]},{"@type":"ImageObject","inLanguage":"fi","@id":"https:\/\/www.iloversum.fi\/fi\/ilon-ja-onnellisuuden-kuntosali\/ilon-ja-onnellisuuden-kuntosalin-esittely\/#primaryimage","url":"https:\/\/www.iloversum.fi\/wp-content\/uploads\/2021\/08\/ilonjaonnellisuudenkuntosali.jpg","contentUrl":"https:\/\/www.iloversum.fi\/wp-content\/uploads\/2021\/08\/ilonjaonnellisuudenkuntosali.jpg","width":1400,"height":444,"caption":"Onnellnen nainen lep\u00e4\u00e4 nurmikolla aamuauringon paistaessa"},{"@type":"BreadcrumbList","@id":"https:\/\/www.iloversum.fi\/fi\/ilon-ja-onnellisuuden-kuntosali\/ilon-ja-onnellisuuden-kuntosalin-esittely\/#breadcrumb","itemListElement":[{"@type":"ListItem","position":1,"name":"Etusivu","item":"https:\/\/www.iloversum.fi\/fi\/"},{"@type":"ListItem","position":2,"name":"Ilon ja onnellisuuden kuntosali","item":"https:\/\/www.iloversum.fi\/fi\/ilon-ja-onnellisuuden-kuntosali\/"},{"@type":"ListItem","position":3,"name":"Miksi onnellisuuden harjoittaminen kannattaa?"}]},{"@type":"WebSite","@id":"https:\/\/www.iloversum.fi\/fi\/#website","url":"https:\/\/www.iloversum.fi\/fi\/","name":"Iloversum","description":"Iloversum","potentialAction":[{"@type":"SearchAction","target":{"@type":"EntryPoint","urlTemplate":"https:\/\/www.iloversum.fi\/fi\/?s={search_term_string}"},"query-input":{"@type":"PropertyValueSpecification","valueRequired":true,"valueName":"search_term_string"}}],"inLanguage":"fi"}]}},"_links":{"self":[{"href":"https:\/\/www.iloversum.fi\/fi\/wp-json\/wp\/v2\/pages\/16044","targetHints":{"allow":["GET"]}}],"collection":[{"href":"https:\/\/www.iloversum.fi\/fi\/wp-json\/wp\/v2\/pages"}],"about":[{"href":"https:\/\/www.iloversum.fi\/fi\/wp-json\/wp\/v2\/types\/page"}],"author":[{"embeddable":true,"href":"https:\/\/www.iloversum.fi\/fi\/wp-json\/wp\/v2\/users\/1"}],"replies":[{"embeddable":true,"href":"https:\/\/www.iloversum.fi\/fi\/wp-json\/wp\/v2\/comments?post=16044"}],"version-history":[{"count":10,"href":"https:\/\/www.iloversum.fi\/fi\/wp-json\/wp\/v2\/pages\/16044\/revisions"}],"predecessor-version":[{"id":16283,"href":"https:\/\/www.iloversum.fi\/fi\/wp-json\/wp\/v2\/pages\/16044\/revisions\/16283"}],"up":[{"embeddable":true,"href":"https:\/\/www.iloversum.fi\/fi\/wp-json\/wp\/v2\/pages\/15819"}],"wp:featuredmedia":[{"embeddable":true,"href":"https:\/\/www.iloversum.fi\/fi\/wp-json\/wp\/v2\/media\/16111"}],"wp:attachment":[{"href":"https:\/\/www.iloversum.fi\/fi\/wp-json\/wp\/v2\/media?parent=16044"}],"curies":[{"name":"wp","href":"https:\/\/api.w.org\/{rel}","templated":true}]}}