{"id":16160,"date":"2021-08-11T09:01:56","date_gmt":"2021-08-11T09:01:56","guid":{"rendered":"http:\/\/31.217.192.104\/~iloversu\/?page_id=16160"},"modified":"2021-08-31T06:34:50","modified_gmt":"2021-08-31T06:34:50","slug":"iloversumin-rekisteri-ja-tietosuojaseloste","status":"publish","type":"page","link":"https:\/\/www.iloversum.fi\/fi\/iloversumin-rekisteri-ja-tietosuojaseloste\/","title":{"rendered":"Iloversumin rekisteri- ja tietosuojaseloste"},"content":{"rendered":"<div class=\"wpb-content-wrapper\"><p>[vc_row content_placement=&#8221;middle&#8221; css=&#8221;.vc_custom_1625050638873{margin-top: 70px !important;margin-bottom: 70px !important;padding-bottom: 20px !important;}&#8221;][vc_column width=&#8221;1\/3&#8243;][\/vc_column][vc_column width=&#8221;2\/3&#8243; css=&#8221;.vc_custom_1580733628712{padding-bottom: 30px !important;}&#8221;]<div id=\"ultimate-heading-383469eb704bcf5d6\" class=\"uvc-heading ult-adjust-bottom-margin ultimate-heading-383469eb704bcf5d6 uvc-6648 \" data-hspacer=\"no_spacer\"  data-halign=\"left\" style=\"text-align:left\"><div class=\"uvc-heading-spacer no_spacer\" style=\"top\"><\/div><div class=\"uvc-main-heading ult-responsive\"  data-ultimate-target='.uvc-heading.ultimate-heading-383469eb704bcf5d6 h3'  data-responsive-json-new='{\"font-size\":\"desktop:24px;\",\"line-height\":\"desktop:34px;\"}' ><h3 style=\"font-weight:bold;margin-bottom:15px;\">Iloversum<\/h3><\/div><div class=\"uvc-sub-heading ult-responsive\"  data-ultimate-target='.uvc-heading.ultimate-heading-383469eb704bcf5d6 .uvc-sub-heading '  data-responsive-json-new='{\"font-size\":\"desktop:19px;\",\"line-height\":\"desktop:29px;\"}'  style=\"font-weight:normal;\">T\u00e4m\u00e4 on Iloversumin henkil\u00f6tietolain (10 ja 24 \u00a7) ja EU:n yleisen tietosuoja-asetuksen (GDPR) mukainen rekisteri- ja tietosuojaseloste. Laadittu 25.5.2018.<\/p>\n<p><strong>1. Rekisterin yll\u00e4pit\u00e4j\u00e4<\/strong><\/p>\n<p>Iloversum, Auli Malimaa T:mi, Pitk\u00e4j\u00e4rventie 60C, 02730 Espoo<\/p>\n<p><strong>2. Rekisteriasioista vastaava yhteyshenkil\u00f6<\/strong><\/p>\n<p>Auli Malimaa, auli.malimaa(at)iloversum.fi, 0405056065<\/p>\n<p><strong>3. Rekisterin nimi<\/strong><\/p>\n<p>Iloversumin s\u00e4hk\u00f6posti- ja uutiskirjerekisteri, asiakkuuteen tai muuhun asialliseen yhteyteen perustuva rekisteri.<\/p>\n<p><strong>4. Henkil\u00f6tietojen k\u00e4sittelyn tarkoitus<\/strong><\/p>\n<p>Henkil\u00f6tietojen ensisijaisena perusteena on Iloversumin asiakkaan ja Iloversumin v\u00e4linen asiakassuhde, asiakkaan suostumus, asiakkaan antama toimeksianto, uutiskirjeen tilaajan tilaus tai muu asiallinen yhteys.<\/p>\n<p>Henkil\u00f6tietojen k\u00e4sittelyn tarkoitus on asiakassuhteen, asiakaspalvelun ja niihin liittyv\u00e4n viestinn\u00e4n ja markkinoinnin hoitaminen, toteuttaminen, kehitt\u00e4minen ja seuranta.<\/p>\n<p>Asiakkaiden henkil\u00f6tietoja k\u00e4sitelless\u00e4\u00e4n Iloversum noudattaa henkil\u00f6tietolakia, lakia yksityisyyden suojasta, tietoturvasta sek\u00e4 muuta tietosuojaan liittyv\u00e4\u00e4 lains\u00e4\u00e4d\u00e4nt\u00f6\u00e4 ja hyv\u00e4\u00e4 tietojenk\u00e4sittelytapaa.<\/p>\n<p><strong>5. Rekisterin ryhm\u00e4t ja tietosis\u00e4lt\u00f6<\/strong><\/p>\n<p><em>a) Henkil\u00f6 on Iloversumin asiakas<\/em><br \/>\nRekisteriin tallennettavia tietoja ovat:<br \/>\nhenkil\u00f6n nimi, yritys, yhteystiedot (puhelinnumero, s\u00e4hk\u00f6postiosoite, osoite), www-sivustojen osoitteet, tiedot tilatuista palveluista ja niiden muutoksista, laskutustiedot, muut asiakassuhteeseen ja tilattuihin palveluihin liittyv\u00e4t tiedot.<\/p>\n<p><em>b) Henkil\u00f6 on tilannut Iloversumin uutiskirjeen tai Ilon ja onnellisuuden kuntosalin harjoitteet<\/em><br \/>\nRekisteriin tallennettavia tietoja ovat:<br \/>\nNimi ja s\u00e4hk\u00f6postiosoite<\/p>\n<p>Lis\u00e4ksi Iloversumin sivustolla k\u00e4ytet\u00e4\u00e4n ev\u00e4steit\u00e4, kuten l\u00e4hes jokaisella verkkosivulla: Google Analytics ker\u00e4\u00e4 k\u00e4vij\u00e4tietoja kuten IP-osoitteen ja sivustok\u00e4ynnit, mutta ei anna sivulla k\u00e4vij\u00e4n yksil\u00f6ityj\u00e4 henkil\u00f6tietoja.<\/p>\n<p><strong>6. S\u00e4\u00e4nn\u00f6nmukaiset tietol\u00e4hteet<\/strong><\/p>\n<p>Rekisteriin tallennettavat tiedot saadaan asiakkaalta mm. www-lomakkeilla l\u00e4hetetyist\u00e4 viesteist\u00e4, s\u00e4hk\u00f6postitse, puhelimitse, sosiaalisen median palvelujen kautta, sopimuksista, asiakastapaamisista ja muista tilanteista, joissa asiakas luovuttaa tietojaan.<\/p>\n<p><strong>7. Tietojen luovutukset<\/strong><\/p>\n<p>Tietoja ei luovuteta ulkopuolisille tahoille. Tietoja ei luovuteta Euroopan talousalueen ulkopuolelle.<\/p>\n<p><strong>8. Rekisterin suojauksen periaatteet<\/strong><\/p>\n<p>Rekisterin k\u00e4sittelyss\u00e4 noudatetaan huolellisuutta ja tietoj\u00e4rjestelmien avulla k\u00e4sitelt\u00e4v\u00e4t tiedot suojataan asianmukaisesti. Kun rekisteritietoja s\u00e4ilytet\u00e4\u00e4n Internet-palvelimilla, niiden laitteiston fyysisest\u00e4 ja digitaalisesta tietoturvasta huolehditaan asiaankuuluvasti. Rekisterinpit\u00e4j\u00e4 huolehtii siit\u00e4, ett\u00e4 tallennettuja tietoja sek\u00e4 palvelimien k\u00e4ytt\u00f6oikeuksia ja muita henkil\u00f6tietojen turvallisuuden kannalta kriittisi\u00e4 tietoja k\u00e4sitell\u00e4\u00e4n luottamuksellisesti ja vain niiden yhteisty\u00f6kumppaneiden toimesta, joiden ty\u00f6nkuvaan se kuuluu.<\/p>\n<p><strong>9. Tarkastusoikeus ja oikeus vaatia tiedon korjaamista<\/strong><\/p>\n<p>Jokaisella rekisteriss\u00e4 olevalla henkil\u00f6ll\u00e4 on oikeus tarkistaa rekisteriin tallennetut tietonsa ja vaatia mahdollisen virheellisen tiedon korjaamista tai puutteellisen tiedon t\u00e4ydent\u00e4mist\u00e4. Mik\u00e4li henkil\u00f6 haluaa tarkistaa h\u00e4nest\u00e4 tallennetut tiedot tai vaatia niihin oikaisua, pyynt\u00f6 tulee l\u00e4hett\u00e4\u00e4 kirjallisesti rekisterinpit\u00e4j\u00e4lle. Iloversum voi pyyt\u00e4\u00e4 tarvittaessa pyynn\u00f6n esitt\u00e4j\u00e4\u00e4 todistamaan henkil\u00f6llisyytens\u00e4. Iloversum vastaa asiakkaalle EU:n tietosuoja-asetuksessa s\u00e4\u00e4detyss\u00e4 ajassa (p\u00e4\u00e4s\u00e4\u00e4nt\u00f6isesti kuukauden kuluessa).<\/p>\n<p><strong>10. Muut henkil\u00f6tietojen k\u00e4sittelyyn liittyv\u00e4t oikeudet<\/strong><\/p>\n<p>Rekisteriss\u00e4 olevalla henkil\u00f6ll\u00e4 on oikeus pyyt\u00e4\u00e4 h\u00e4nt\u00e4 koskevien henkil\u00f6tietojen poistamiseen rekisterist\u00e4 (&#8221;oikeus tulla unohdetuksi&#8221;). Niin ik\u00e4\u00e4n rekister\u00f6idyill\u00e4 on muut EU:n tietosuoja-asetuksen mukaiset oikeudet. Pyynn\u00f6t tulee l\u00e4hett\u00e4\u00e4 kirjallisesti rekisterinpit\u00e4j\u00e4lle. Iloversum voi pyyt\u00e4\u00e4 tarvittaessa pyynn\u00f6n esitt\u00e4j\u00e4\u00e4 todistamaan henkil\u00f6llisyytens\u00e4. Iloversum vastaa asiakkaalle EU:n tietosuoja-asetuksessa s\u00e4\u00e4detyss\u00e4 ajassa (p\u00e4\u00e4s\u00e4\u00e4nt\u00f6isesti kuukauden kuluessa).<\/div><\/div>[\/vc_column][\/vc_row]<\/p>\n<\/div>","protected":false},"excerpt":{"rendered":"<p>[vc_row content_placement=&#8221;middle&#8221; css=&#8221;.vc_custom_1625050638873{margin-top: 70px !important;margin-bottom: 70px !important;padding-bottom: 20px !important;}&#8221;][vc_column width=&#8221;1\/3&#8243;][\/vc_column][vc_column width=&#8221;2\/3&#8243; css=&#8221;.vc_custom_1580733628712{padding-bottom: 30px !important;}&#8221;][\/vc_column][\/vc_row]<\/p>\n","protected":false},"author":1,"featured_media":0,"parent":0,"menu_order":0,"comment_status":"closed","ping_status":"closed","template":"","meta":{"footnotes":""},"class_list":["post-16160","page","type-page","status-publish","hentry","description-off"],"yoast_head":"<!-- This site is optimized with the Yoast SEO plugin v27.4 - https:\/\/yoast.com\/product\/yoast-seo-wordpress\/ -->\n<title>Iloversumin rekisteri- ja tietosuojaseloste - Iloversum<\/title>\n<meta name=\"robots\" content=\"index, follow, max-snippet:-1, max-image-preview:large, max-video-preview:-1\" \/>\n<link rel=\"canonical\" href=\"https:\/\/www.iloversum.fi\/fi\/iloversumin-rekisteri-ja-tietosuojaseloste\/\" \/>\n<meta property=\"og:locale\" content=\"fi_FI\" \/>\n<meta property=\"og:type\" content=\"article\" \/>\n<meta property=\"og:title\" content=\"Iloversumin rekisteri- ja tietosuojaseloste - Iloversum\" \/>\n<meta property=\"og:description\" content=\"[vc_row content_placement=&#8221;middle&#8221; css=&#8221;.vc_custom_1625050638873{margin-top: 70px !important;margin-bottom: 70px !important;padding-bottom: 20px !important;}&#8221;][vc_column width=&#8221;1\/3&#8243;][\/vc_column][vc_column width=&#8221;2\/3&#8243; css=&#8221;.vc_custom_1580733628712{padding-bottom: 30px !important;}&#8221;][\/vc_column][\/vc_row]\" \/>\n<meta property=\"og:url\" content=\"https:\/\/www.iloversum.fi\/fi\/iloversumin-rekisteri-ja-tietosuojaseloste\/\" \/>\n<meta property=\"og:site_name\" content=\"Iloversum\" \/>\n<meta property=\"article:modified_time\" content=\"2021-08-31T06:34:50+00:00\" \/>\n<meta name=\"twitter:card\" content=\"summary_large_image\" \/>\n<meta name=\"twitter:label1\" content=\"Arvioitu lukuaika\" \/>\n\t<meta name=\"twitter:data1\" content=\"2 minuuttia\" \/>\n<script type=\"application\/ld+json\" class=\"yoast-schema-graph\">{\"@context\":\"https:\\\/\\\/schema.org\",\"@graph\":[{\"@type\":\"WebPage\",\"@id\":\"https:\\\/\\\/www.iloversum.fi\\\/fi\\\/iloversumin-rekisteri-ja-tietosuojaseloste\\\/\",\"url\":\"https:\\\/\\\/www.iloversum.fi\\\/fi\\\/iloversumin-rekisteri-ja-tietosuojaseloste\\\/\",\"name\":\"Iloversumin rekisteri- ja tietosuojaseloste - Iloversum\",\"isPartOf\":{\"@id\":\"https:\\\/\\\/www.iloversum.fi\\\/fi\\\/#website\"},\"datePublished\":\"2021-08-11T09:01:56+00:00\",\"dateModified\":\"2021-08-31T06:34:50+00:00\",\"breadcrumb\":{\"@id\":\"https:\\\/\\\/www.iloversum.fi\\\/fi\\\/iloversumin-rekisteri-ja-tietosuojaseloste\\\/#breadcrumb\"},\"inLanguage\":\"fi\",\"potentialAction\":[{\"@type\":\"ReadAction\",\"target\":[\"https:\\\/\\\/www.iloversum.fi\\\/fi\\\/iloversumin-rekisteri-ja-tietosuojaseloste\\\/\"]}]},{\"@type\":\"BreadcrumbList\",\"@id\":\"https:\\\/\\\/www.iloversum.fi\\\/fi\\\/iloversumin-rekisteri-ja-tietosuojaseloste\\\/#breadcrumb\",\"itemListElement\":[{\"@type\":\"ListItem\",\"position\":1,\"name\":\"Etusivu\",\"item\":\"https:\\\/\\\/www.iloversum.fi\\\/fi\\\/\"},{\"@type\":\"ListItem\",\"position\":2,\"name\":\"Iloversumin rekisteri- ja tietosuojaseloste\"}]},{\"@type\":\"WebSite\",\"@id\":\"https:\\\/\\\/www.iloversum.fi\\\/fi\\\/#website\",\"url\":\"https:\\\/\\\/www.iloversum.fi\\\/fi\\\/\",\"name\":\"Iloversum\",\"description\":\"Iloversum\",\"potentialAction\":[{\"@type\":\"SearchAction\",\"target\":{\"@type\":\"EntryPoint\",\"urlTemplate\":\"https:\\\/\\\/www.iloversum.fi\\\/fi\\\/?s={search_term_string}\"},\"query-input\":{\"@type\":\"PropertyValueSpecification\",\"valueRequired\":true,\"valueName\":\"search_term_string\"}}],\"inLanguage\":\"fi\"}]}<\/script>\n<!-- \/ Yoast SEO plugin. -->","yoast_head_json":{"title":"Iloversumin rekisteri- ja tietosuojaseloste - Iloversum","robots":{"index":"index","follow":"follow","max-snippet":"max-snippet:-1","max-image-preview":"max-image-preview:large","max-video-preview":"max-video-preview:-1"},"canonical":"https:\/\/www.iloversum.fi\/fi\/iloversumin-rekisteri-ja-tietosuojaseloste\/","og_locale":"fi_FI","og_type":"article","og_title":"Iloversumin rekisteri- ja tietosuojaseloste - Iloversum","og_description":"[vc_row content_placement=&#8221;middle&#8221; css=&#8221;.vc_custom_1625050638873{margin-top: 70px !important;margin-bottom: 70px !important;padding-bottom: 20px !important;}&#8221;][vc_column width=&#8221;1\/3&#8243;][\/vc_column][vc_column width=&#8221;2\/3&#8243; css=&#8221;.vc_custom_1580733628712{padding-bottom: 30px !important;}&#8221;][\/vc_column][\/vc_row]","og_url":"https:\/\/www.iloversum.fi\/fi\/iloversumin-rekisteri-ja-tietosuojaseloste\/","og_site_name":"Iloversum","article_modified_time":"2021-08-31T06:34:50+00:00","twitter_card":"summary_large_image","twitter_misc":{"Arvioitu lukuaika":"2 minuuttia"},"schema":{"@context":"https:\/\/schema.org","@graph":[{"@type":"WebPage","@id":"https:\/\/www.iloversum.fi\/fi\/iloversumin-rekisteri-ja-tietosuojaseloste\/","url":"https:\/\/www.iloversum.fi\/fi\/iloversumin-rekisteri-ja-tietosuojaseloste\/","name":"Iloversumin rekisteri- ja tietosuojaseloste - Iloversum","isPartOf":{"@id":"https:\/\/www.iloversum.fi\/fi\/#website"},"datePublished":"2021-08-11T09:01:56+00:00","dateModified":"2021-08-31T06:34:50+00:00","breadcrumb":{"@id":"https:\/\/www.iloversum.fi\/fi\/iloversumin-rekisteri-ja-tietosuojaseloste\/#breadcrumb"},"inLanguage":"fi","potentialAction":[{"@type":"ReadAction","target":["https:\/\/www.iloversum.fi\/fi\/iloversumin-rekisteri-ja-tietosuojaseloste\/"]}]},{"@type":"BreadcrumbList","@id":"https:\/\/www.iloversum.fi\/fi\/iloversumin-rekisteri-ja-tietosuojaseloste\/#breadcrumb","itemListElement":[{"@type":"ListItem","position":1,"name":"Etusivu","item":"https:\/\/www.iloversum.fi\/fi\/"},{"@type":"ListItem","position":2,"name":"Iloversumin rekisteri- ja tietosuojaseloste"}]},{"@type":"WebSite","@id":"https:\/\/www.iloversum.fi\/fi\/#website","url":"https:\/\/www.iloversum.fi\/fi\/","name":"Iloversum","description":"Iloversum","potentialAction":[{"@type":"SearchAction","target":{"@type":"EntryPoint","urlTemplate":"https:\/\/www.iloversum.fi\/fi\/?s={search_term_string}"},"query-input":{"@type":"PropertyValueSpecification","valueRequired":true,"valueName":"search_term_string"}}],"inLanguage":"fi"}]}},"_links":{"self":[{"href":"https:\/\/www.iloversum.fi\/fi\/wp-json\/wp\/v2\/pages\/16160","targetHints":{"allow":["GET"]}}],"collection":[{"href":"https:\/\/www.iloversum.fi\/fi\/wp-json\/wp\/v2\/pages"}],"about":[{"href":"https:\/\/www.iloversum.fi\/fi\/wp-json\/wp\/v2\/types\/page"}],"author":[{"embeddable":true,"href":"https:\/\/www.iloversum.fi\/fi\/wp-json\/wp\/v2\/users\/1"}],"replies":[{"embeddable":true,"href":"https:\/\/www.iloversum.fi\/fi\/wp-json\/wp\/v2\/comments?post=16160"}],"version-history":[{"count":1,"href":"https:\/\/www.iloversum.fi\/fi\/wp-json\/wp\/v2\/pages\/16160\/revisions"}],"predecessor-version":[{"id":16161,"href":"https:\/\/www.iloversum.fi\/fi\/wp-json\/wp\/v2\/pages\/16160\/revisions\/16161"}],"wp:attachment":[{"href":"https:\/\/www.iloversum.fi\/fi\/wp-json\/wp\/v2\/media?parent=16160"}],"curies":[{"name":"wp","href":"https:\/\/api.w.org\/{rel}","templated":true}]}}